{"id":4178,"date":"2022-05-19T14:56:05","date_gmt":"2022-05-19T14:56:05","guid":{"rendered":"http:\/\/calafat.cat\/?page_id=4178"},"modified":"2022-05-19T14:59:27","modified_gmt":"2022-05-19T14:59:27","slug":"enric-soria","status":"publish","type":"page","link":"https:\/\/calafat.cat\/index.php\/enric-soria\/","title":{"rendered":"Enric S\u00f2ria"},"content":{"rendered":"\n<p><a href=\"http:\/\/calafat.cat\/index.php\/els-estrats-profunds-de-limaginari-de-soria\/\" data-type=\"page\" data-id=\"1982\">Els estrats profunds de l\u2019imaginari de S\u00f2ria<\/a><\/p>\n\n\n\n<figure class=\"wp-block-image size-full\"><img loading=\"lazy\" decoding=\"async\" width=\"50\" height=\"33\" src=\"http:\/\/calafat.cat\/wp-content\/uploads\/2022\/05\/els-estrats-profunds-de-l-imaginari-de-soria-2.jpeg\" alt=\"\" class=\"wp-image-4182\" title=\"Enric S\u00f2ria. Fotografia: Jes\u00fas Ciscar. Font: ccaa.elpais.com\"\/><\/figure>\n\n\n\n<p>Enric S\u00f2ria escriu i publica la seua poesia amb comptagotes. \u00c9s un poeta sense presses, que pesa amb rigor els versos i nom\u00e9s els d\u00f3na per conclosos quan ja esdevenen imprescindibles en el seu imaginari po\u00e8tic.<\/p>\n\n\n\n<p><a href=\"http:\/\/calafat.cat\/index.php\/la-forca-del-llenguatge-un-festival-literari-2\/\" data-type=\"page\" data-id=\"1708\">La for\u00e7a del llenguatge. Un festival literari<\/a><\/p>\n\n\n\n<figure class=\"wp-block-image size-full\"><img loading=\"lazy\" decoding=\"async\" width=\"50\" height=\"50\" src=\"http:\/\/calafat.cat\/wp-content\/uploads\/2022\/05\/la-forca-del-llenguatge-2-3.jpeg\" alt=\"\" class=\"wp-image-4183\" title=\"Enric S\u00f2ria. Fotografia: Jes\u00fas Ciscar. Font: ccaa.elpais.com\"\/><\/figure>\n\n\n\n<p>Enric S\u00f2ria, poeta i prosista, \u00e9s conegut de tots vost\u00e9s pels papers que li lligen en aquest\u00a0<em>Quadern<\/em>\u00a0i segurament per d\u2019altres recollits en\u00a0<em>Incitacions<\/em>\u00a0(1997) i\u00a0<em>L\u2019espill de Janus<\/em>\u00a0(2000), on desplega una agudesa afuada i una prosa elegant que es mou amb comoditat per les trinx<\/p>\n\n\n\n<p><a href=\"http:\/\/calafat.cat\/index.php\/la-literatura-com-a-combat-i-joia\/\" data-type=\"page\" data-id=\"1042\">La literatura com a combat i joia<\/a><\/p>\n\n\n\n<figure class=\"wp-block-image size-full\"><img loading=\"lazy\" decoding=\"async\" width=\"50\" height=\"31\" src=\"http:\/\/calafat.cat\/wp-content\/uploads\/2022\/05\/la-literatura-com-a-combat-i-joia-1.jpeg\" alt=\"\" class=\"wp-image-4184\" title=\"Enric S\u00f2ria. Fotografia: Jes\u00fas Ciscar. Font: ccaa.elpais.com\"\/><\/figure>\n\n\n\n<p>El 1991 es va publicar\u00a0<em>Mentre parlem. Fragments d\u2019un dietari inici\u00e0tic<\/em>, d\u2019Enric S\u00f2ria. Va mer\u00e9ixer uns quants premis, primerament el Joanot Martorell de Gandia i, despr\u00e9s, el de la Cr\u00edtica Serra d\u2019Or de dietari, i va ser ben rebut per la cr\u00edtica.<\/p>\n\n\n\n<p><a href=\"http:\/\/calafat.cat\/index.php\/parlament-de-paper\/\" data-type=\"page\" data-id=\"1210\">Parlament de paper<\/a><\/p>\n\n\n\n<figure class=\"wp-block-image size-full\"><img loading=\"lazy\" decoding=\"async\" width=\"50\" height=\"33\" src=\"http:\/\/calafat.cat\/wp-content\/uploads\/2022\/05\/parlament-de-paper-1.jpeg\" alt=\"\" class=\"wp-image-4185\" title=\"Enric S\u00f2ria. Fotografia: Pere Virgili. Font: nuvol.com\"\/><\/figure>\n\n\n\n<p>No \u00e9s gaire freq\u00fcent l&#8217;aparici\u00f3 de col\u00b7leccions de llibres dedicades a barallar-se amb els reptes de cada dia o amb les idees.<\/p>\n\n\n\n<p><a href=\"http:\/\/calafat.cat\/index.php\/un-alfabet-de-mons-literaris\/\" data-type=\"page\" data-id=\"2699\">Un alfabet de mons literaris<\/a><\/p>\n\n\n\n<figure class=\"wp-block-image size-full\"><img loading=\"lazy\" decoding=\"async\" width=\"50\" height=\"34\" src=\"http:\/\/calafat.cat\/wp-content\/uploads\/2022\/05\/un-alfabet-de-mons-literaris-2.jpeg\" alt=\"\" class=\"wp-image-4186\" title=\"Enric S\u00f2ria. Fotografia: Carles Francesc. Font: ccaa.elpais.com\"\/><\/figure>\n\n\n\n<p>Els lectors d\u2019aquest Quadern coneixen de sobres els interessos i bondats de la prosa dels articles d\u2019Enric S\u00f2ria, per\u00f2 quan obrim un llibre seu ens submergim en un viatge fabul\u00f3s d\u2019entusiasmes, indicis, curiositat sempre desperta i reflexions, de vegades incisives i pol\u00e8miques, per\u00f2 des d\u2019una act<\/p>\n","protected":false},"excerpt":{"rendered":"<p>Els estrats profunds de l\u2019imaginari de S\u00f2ria Enric S\u00f2ria escriu i publica la seua poesia amb comptagotes. \u00c9s un poeta sense presses, que pesa amb rigor els versos i nom\u00e9s els d\u00f3na per conclosos quan ja esdevenen imprescindibles en el seu imaginari po\u00e8tic. La for\u00e7a del llenguatge. Un festival literari Enric S\u00f2ria, poeta i prosista, &#8230; <a title=\"Enric S\u00f2ria\" class=\"read-more\" href=\"https:\/\/calafat.cat\/index.php\/enric-soria\/\" aria-label=\"M\u00e1s en Enric S\u00f2ria\">Leer m\u00e1s<\/a><\/p>\n","protected":false},"author":1,"featured_media":0,"parent":0,"menu_order":0,"comment_status":"closed","ping_status":"closed","template":"","meta":{"footnotes":""},"class_list":["post-4178","page","type-page","status-publish"],"_links":{"self":[{"href":"https:\/\/calafat.cat\/index.php\/wp-json\/wp\/v2\/pages\/4178","targetHints":{"allow":["GET"]}}],"collection":[{"href":"https:\/\/calafat.cat\/index.php\/wp-json\/wp\/v2\/pages"}],"about":[{"href":"https:\/\/calafat.cat\/index.php\/wp-json\/wp\/v2\/types\/page"}],"author":[{"embeddable":true,"href":"https:\/\/calafat.cat\/index.php\/wp-json\/wp\/v2\/users\/1"}],"replies":[{"embeddable":true,"href":"https:\/\/calafat.cat\/index.php\/wp-json\/wp\/v2\/comments?post=4178"}],"version-history":[{"count":2,"href":"https:\/\/calafat.cat\/index.php\/wp-json\/wp\/v2\/pages\/4178\/revisions"}],"predecessor-version":[{"id":4187,"href":"https:\/\/calafat.cat\/index.php\/wp-json\/wp\/v2\/pages\/4178\/revisions\/4187"}],"wp:attachment":[{"href":"https:\/\/calafat.cat\/index.php\/wp-json\/wp\/v2\/media?parent=4178"}],"curies":[{"name":"wp","href":"https:\/\/api.w.org\/{rel}","templated":true}]}}