{"id":4192,"date":"2022-05-19T15:00:20","date_gmt":"2022-05-19T15:00:20","guid":{"rendered":"http:\/\/calafat.cat\/?page_id=4192"},"modified":"2022-05-19T15:02:00","modified_gmt":"2022-05-19T15:02:00","slug":"juli-alandes","status":"publish","type":"page","link":"https:\/\/calafat.cat\/index.php\/juli-alandes\/","title":{"rendered":"Juli Alandes"},"content":{"rendered":"\n<p><a href=\"http:\/\/calafat.cat\/index.php\/els-laberints-de-la-historia\/\" data-type=\"page\" data-id=\"1617\">Els laberints de la hist\u00f2ria<\/a><\/p>\n\n\n\n<figure class=\"wp-block-image size-full\"><img loading=\"lazy\" decoding=\"async\" width=\"50\" height=\"33\" src=\"http:\/\/calafat.cat\/wp-content\/uploads\/2022\/05\/els-laberints-de-la-historia.r-2.jpg\" alt=\"\" class=\"wp-image-4194\" title=\"Juli Alandes. Fotografia: Prats i Camps. Font: eltemps.cat\"\/><\/figure>\n\n\n\n<p>Juli Alandes \u00e9s un d\u2019aquells narradors a qui agrada cabussar-se en els g\u00e8neres for\u00e7a transitats, per\u00f2 l\u2019incomoda deixar-se dur per les convencions massa suades. Li cal esborrar les fites massa fixes i fabricar-se el seu propi itinerari.<\/p>\n\n\n\n<p><a href=\"http:\/\/calafat.cat\/index.php\/larrasada-terra-de-la-fortuna-3\/\" data-type=\"page\" data-id=\"1884\">L\u2019arrasada terra de la fortuna<\/a><\/p>\n\n\n\n<figure class=\"wp-block-image size-full\"><img loading=\"lazy\" decoding=\"async\" width=\"50\" height=\"50\" src=\"http:\/\/calafat.cat\/wp-content\/uploads\/2022\/05\/l-arrasada-terra-de-la-fortuna-2.jpeg\" alt=\"\" class=\"wp-image-4195\" title=\"Juli Alandes. Fotografia: Jes\u00fas Ciscar. Font: ccaa.elpais.com\"\/><\/figure>\n\n\n\n<p>Si Erasme al\u00e7ara el cap, sens dubte inclouria en\u00a0<em>Elogi de la follia<\/em>\u00a0l\u2019actual govern valenci\u00e0 i la llista llarga de desficacis que la seua actuaci\u00f3 i les seues pol\u00edtiques generen.<\/p>\n\n\n\n<p><a href=\"http:\/\/calafat.cat\/index.php\/una-historia-amb-moltes-capes-2\/\" data-type=\"page\" data-id=\"1926\">Una hist\u00f2ria amb moltes capes<\/a><\/p>\n\n\n\n<figure class=\"wp-block-image size-full\"><img loading=\"lazy\" decoding=\"async\" width=\"50\" height=\"50\" src=\"http:\/\/calafat.cat\/wp-content\/uploads\/2022\/05\/una-historia-amb-moltes-capes-1.jpeg\" alt=\"\" class=\"wp-image-4197\" title=\"Portada del llibre\"\/><\/figure>\n\n\n\n<p>Alguns lectors poden pensar, d\u2019entrada, que Juli Alandes \u00e9s un escriptor temerari per endinsar-se en les terres movedisses de les manipulacions sagnants que ha fet de la hist\u00f2ria la dreta valenciana per afirmar que el&nbsp;<em>valenciano<\/em>&nbsp;\u00e9s una llengua que no t\u00e9 res a veure amb el catal\u00e0, ja que Ja<\/p>\n","protected":false},"excerpt":{"rendered":"<p>Els laberints de la hist\u00f2ria Juli Alandes \u00e9s un d\u2019aquells narradors a qui agrada cabussar-se en els g\u00e8neres for\u00e7a transitats, per\u00f2 l\u2019incomoda deixar-se dur per les convencions massa suades. Li cal esborrar les fites massa fixes i fabricar-se el seu propi itinerari. L\u2019arrasada terra de la fortuna Si Erasme al\u00e7ara el cap, sens dubte inclouria &#8230; <a title=\"Juli Alandes\" class=\"read-more\" href=\"https:\/\/calafat.cat\/index.php\/juli-alandes\/\" aria-label=\"M\u00e1s en Juli Alandes\">Leer m\u00e1s<\/a><\/p>\n","protected":false},"author":1,"featured_media":0,"parent":0,"menu_order":0,"comment_status":"closed","ping_status":"closed","template":"","meta":{"footnotes":""},"class_list":["post-4192","page","type-page","status-publish"],"_links":{"self":[{"href":"https:\/\/calafat.cat\/index.php\/wp-json\/wp\/v2\/pages\/4192","targetHints":{"allow":["GET"]}}],"collection":[{"href":"https:\/\/calafat.cat\/index.php\/wp-json\/wp\/v2\/pages"}],"about":[{"href":"https:\/\/calafat.cat\/index.php\/wp-json\/wp\/v2\/types\/page"}],"author":[{"embeddable":true,"href":"https:\/\/calafat.cat\/index.php\/wp-json\/wp\/v2\/users\/1"}],"replies":[{"embeddable":true,"href":"https:\/\/calafat.cat\/index.php\/wp-json\/wp\/v2\/comments?post=4192"}],"version-history":[{"count":2,"href":"https:\/\/calafat.cat\/index.php\/wp-json\/wp\/v2\/pages\/4192\/revisions"}],"predecessor-version":[{"id":4202,"href":"https:\/\/calafat.cat\/index.php\/wp-json\/wp\/v2\/pages\/4192\/revisions\/4202"}],"wp:attachment":[{"href":"https:\/\/calafat.cat\/index.php\/wp-json\/wp\/v2\/media?parent=4192"}],"curies":[{"name":"wp","href":"https:\/\/api.w.org\/{rel}","templated":true}]}}