{"id":4203,"date":"2022-05-19T15:03:11","date_gmt":"2022-05-19T15:03:11","guid":{"rendered":"http:\/\/calafat.cat\/?page_id=4203"},"modified":"2022-05-19T15:04:20","modified_gmt":"2022-05-19T15:04:20","slug":"vicent-uso","status":"publish","type":"page","link":"https:\/\/calafat.cat\/index.php\/vicent-uso\/","title":{"rendered":"Vicent Us\u00f3"},"content":{"rendered":"\n<p><a href=\"http:\/\/calafat.cat\/index.php\/entre-dues-passions\/\" data-type=\"page\" data-id=\"1471\">Entre dues passions<\/a><\/p>\n\n\n\n<figure class=\"wp-block-image size-full\"><img loading=\"lazy\" decoding=\"async\" width=\"50\" height=\"50\" src=\"http:\/\/calafat.cat\/wp-content\/uploads\/2022\/05\/1-114.jpeg\" alt=\"\" class=\"wp-image-4206\" title=\"Portada del llibre\"\/><\/figure>\n\n\n\n<p>Vicent Us\u00f3 \u00e9s un narrador solvent, amb destresa notable per conferir veus individuals, mon\u00f2legs, climes crispats, i sobretot habilitat per orquestrar, dosificar la narraci\u00f3 cap un final sempre rotund, com veiem en\u00a0<em>La taverna del Cau de la Lluna<\/em>\u00a0(2001) i\u00a0<em>L\u2019her\u00e8ncia del vent<\/em>\u00a0(2002).<\/p>\n\n\n\n<p><a href=\"http:\/\/calafat.cat\/index.php\/un-viatge-als-budells-de-la-realitat-2\/\" data-type=\"page\" data-id=\"1920\">Un viatge als budells de la realitat<\/a><\/p>\n\n\n\n<figure class=\"wp-block-image size-full\"><img loading=\"lazy\" decoding=\"async\" width=\"50\" height=\"30\" src=\"http:\/\/calafat.cat\/wp-content\/uploads\/2022\/05\/2-3.jpeg\" alt=\"\" class=\"wp-image-4207\" title=\"Vicent Us\u00f3\"\/><\/figure>\n\n\n\n<p>El g\u00e8nere negre \u00e9s un via r\u00e0pida per a entrar en els budells de la realitat, per a explorar la crueltat humana. I aix\u00f2 \u00e9s el que fa Vicent Us\u00f3 en l\u2019\u00faltima novel\u00b7la,&nbsp;<em>La m\u00e0 de ning\u00fa<\/em>, que n\u2019explora el clima de tensi\u00f3 i defuig dels detectius.<\/p>\n","protected":false},"excerpt":{"rendered":"<p>Entre dues passions Vicent Us\u00f3 \u00e9s un narrador solvent, amb destresa notable per conferir veus individuals, mon\u00f2legs, climes crispats, i sobretot habilitat per orquestrar, dosificar la narraci\u00f3 cap un final sempre rotund, com veiem en\u00a0La taverna del Cau de la Lluna\u00a0(2001) i\u00a0L\u2019her\u00e8ncia del vent\u00a0(2002). Un viatge als budells de la realitat El g\u00e8nere negre \u00e9s &#8230; <a title=\"Vicent Us\u00f3\" class=\"read-more\" href=\"https:\/\/calafat.cat\/index.php\/vicent-uso\/\" aria-label=\"M\u00e1s en Vicent Us\u00f3\">Leer m\u00e1s<\/a><\/p>\n","protected":false},"author":1,"featured_media":0,"parent":0,"menu_order":0,"comment_status":"closed","ping_status":"closed","template":"","meta":{"footnotes":""},"class_list":["post-4203","page","type-page","status-publish"],"_links":{"self":[{"href":"https:\/\/calafat.cat\/index.php\/wp-json\/wp\/v2\/pages\/4203","targetHints":{"allow":["GET"]}}],"collection":[{"href":"https:\/\/calafat.cat\/index.php\/wp-json\/wp\/v2\/pages"}],"about":[{"href":"https:\/\/calafat.cat\/index.php\/wp-json\/wp\/v2\/types\/page"}],"author":[{"embeddable":true,"href":"https:\/\/calafat.cat\/index.php\/wp-json\/wp\/v2\/users\/1"}],"replies":[{"embeddable":true,"href":"https:\/\/calafat.cat\/index.php\/wp-json\/wp\/v2\/comments?post=4203"}],"version-history":[{"count":2,"href":"https:\/\/calafat.cat\/index.php\/wp-json\/wp\/v2\/pages\/4203\/revisions"}],"predecessor-version":[{"id":4208,"href":"https:\/\/calafat.cat\/index.php\/wp-json\/wp\/v2\/pages\/4203\/revisions\/4208"}],"wp:attachment":[{"href":"https:\/\/calafat.cat\/index.php\/wp-json\/wp\/v2\/media?parent=4203"}],"curies":[{"name":"wp","href":"https:\/\/api.w.org\/{rel}","templated":true}]}}