{"id":4230,"date":"2022-05-19T15:29:58","date_gmt":"2022-05-19T15:29:58","guid":{"rendered":"http:\/\/calafat.cat\/?page_id=4230"},"modified":"2022-05-19T15:32:02","modified_gmt":"2022-05-19T15:32:02","slug":"esperanca-camps","status":"publish","type":"page","link":"https:\/\/calafat.cat\/index.php\/esperanca-camps\/","title":{"rendered":"Esperan\u00e7a Camps"},"content":{"rendered":"\n<p><a href=\"http:\/\/calafat.cat\/index.php\/histories-repetides-2\/\" data-type=\"page\" data-id=\"1814\">Hist\u00f2ries repetides<\/a><\/p>\n\n\n\n<figure class=\"wp-block-image size-full\"><img loading=\"lazy\" decoding=\"async\" width=\"50\" height=\"33\" src=\"http:\/\/calafat.cat\/wp-content\/uploads\/2022\/05\/quan-la-lluna-escampa-els-morts-1.jpeg\" alt=\"\" class=\"wp-image-4234\" title=\"Esperan\u00e7a Camps. Fotografia: Prats i Camps\"\/><\/figure>\n\n\n\n<p>Esperan\u00e7a Camps ha entrat amb for\u00e7a en l\u2019\u00e0mbit de la narrativa valenciana. En poc m\u00e9s de dos anys ha publicat dues novel\u00b7les.<\/p>\n\n\n\n<p><a href=\"http:\/\/calafat.cat\/index.php\/ser-sense-ser\/\" data-type=\"page\" data-id=\"1484\">Ser sense ser<\/a><\/p>\n\n\n\n<figure class=\"wp-block-image size-full\"><img loading=\"lazy\" decoding=\"async\" width=\"50\" height=\"50\" src=\"http:\/\/calafat.cat\/wp-content\/uploads\/2022\/05\/ser-sense-ser-1.jpeg\" alt=\"\" class=\"wp-image-4235\" title=\"Portada del llibre\"\/><\/figure>\n\n\n\n<p><em>El cos deshabitat<\/em>\u00a0comen\u00e7a amb una obertura que recorda\u00a0<em>Em dic Vermell<\/em>\u00a0d\u2019Orhan Pamuk. Acaba de faltar en un accident el narrador i des de la mort inicia el seu relat. \u00c9s un bon colp d\u2019efecte que Esperan\u00e7a Camps sap aprofitar i fer cr\u00e9ixer. Ja tenim un jugador.<\/p>\n\n\n\n<p><a href=\"http:\/\/calafat.cat\/index.php\/viatgers-sense-retorn\/\" data-type=\"page\" data-id=\"1578\">Viatgers sense retorn<\/a><\/p>\n\n\n\n<figure class=\"wp-block-image size-full\"><img loading=\"lazy\" decoding=\"async\" width=\"50\" height=\"36\" src=\"http:\/\/calafat.cat\/wp-content\/uploads\/2022\/05\/viatgers-sense-retorn-1.jpeg\" alt=\"\" class=\"wp-image-4236\" title=\"Portades dels llibres\"\/><\/figure>\n\n\n\n<p>Esperan\u00e7a Camps s\u2019estren\u00e0 com a narradora el 2004. Des de llavors fins ara ha bastit una obra de dimensions estimables i que gr\u00e0cies a unes constants i a la diversitat tem\u00e0tica perfilen un univers literari ben personal.<\/p>\n","protected":false},"excerpt":{"rendered":"<p>Hist\u00f2ries repetides Esperan\u00e7a Camps ha entrat amb for\u00e7a en l\u2019\u00e0mbit de la narrativa valenciana. En poc m\u00e9s de dos anys ha publicat dues novel\u00b7les. Ser sense ser El cos deshabitat\u00a0comen\u00e7a amb una obertura que recorda\u00a0Em dic Vermell\u00a0d\u2019Orhan Pamuk. Acaba de faltar en un accident el narrador i des de la mort inicia el seu relat. &#8230; <a title=\"Esperan\u00e7a Camps\" class=\"read-more\" href=\"https:\/\/calafat.cat\/index.php\/esperanca-camps\/\" aria-label=\"M\u00e1s en Esperan\u00e7a Camps\">Leer m\u00e1s<\/a><\/p>\n","protected":false},"author":1,"featured_media":0,"parent":0,"menu_order":0,"comment_status":"closed","ping_status":"closed","template":"","meta":{"footnotes":""},"class_list":["post-4230","page","type-page","status-publish"],"_links":{"self":[{"href":"https:\/\/calafat.cat\/index.php\/wp-json\/wp\/v2\/pages\/4230","targetHints":{"allow":["GET"]}}],"collection":[{"href":"https:\/\/calafat.cat\/index.php\/wp-json\/wp\/v2\/pages"}],"about":[{"href":"https:\/\/calafat.cat\/index.php\/wp-json\/wp\/v2\/types\/page"}],"author":[{"embeddable":true,"href":"https:\/\/calafat.cat\/index.php\/wp-json\/wp\/v2\/users\/1"}],"replies":[{"embeddable":true,"href":"https:\/\/calafat.cat\/index.php\/wp-json\/wp\/v2\/comments?post=4230"}],"version-history":[{"count":2,"href":"https:\/\/calafat.cat\/index.php\/wp-json\/wp\/v2\/pages\/4230\/revisions"}],"predecessor-version":[{"id":4237,"href":"https:\/\/calafat.cat\/index.php\/wp-json\/wp\/v2\/pages\/4230\/revisions\/4237"}],"wp:attachment":[{"href":"https:\/\/calafat.cat\/index.php\/wp-json\/wp\/v2\/media?parent=4230"}],"curies":[{"name":"wp","href":"https:\/\/api.w.org\/{rel}","templated":true}]}}