{"id":92,"date":"2022-03-23T11:11:21","date_gmt":"2022-03-23T11:11:21","guid":{"rendered":"http:\/\/calafat.cat\/?page_id=92"},"modified":"2022-05-10T10:40:46","modified_gmt":"2022-05-10T10:40:46","slug":"homenatges-presentacions","status":"publish","type":"page","link":"https:\/\/calafat.cat\/index.php\/per-generes\/homenatges-presentacions\/","title":{"rendered":"Homenatges\/Presentacions"},"content":{"rendered":"\t\t<div data-elementor-type=\"wp-page\" data-elementor-id=\"92\" class=\"elementor elementor-92\">\n\t\t\t\t\t\t\t\t\t<section class=\"elementor-section elementor-top-section elementor-element elementor-element-d9b6024 elementor-section-boxed elementor-section-height-default elementor-section-height-default\" data-id=\"d9b6024\" data-element_type=\"section\">\n\t\t\t\t\t\t<div class=\"elementor-container elementor-column-gap-default\">\n\t\t\t\t\t<div class=\"elementor-column elementor-col-100 elementor-top-column elementor-element elementor-element-5158c445\" data-id=\"5158c445\" data-element_type=\"column\">\n\t\t\t<div class=\"elementor-widget-wrap elementor-element-populated\">\n\t\t\t\t\t\t\t\t<div class=\"elementor-element elementor-element-74a9c945 elementor-widget elementor-widget-text-editor\" data-id=\"74a9c945\" data-element_type=\"widget\" data-widget_type=\"text-editor.default\">\n\t\t\t\t<div class=\"elementor-widget-container\">\n\t\t\t<style>\/*! elementor - v3.12.2 - 23-04-2023 *\/\n.elementor-widget-text-editor.elementor-drop-cap-view-stacked .elementor-drop-cap{background-color:#69727d;color:#fff}.elementor-widget-text-editor.elementor-drop-cap-view-framed .elementor-drop-cap{color:#69727d;border:3px solid;background-color:transparent}.elementor-widget-text-editor:not(.elementor-drop-cap-view-default) .elementor-drop-cap{margin-top:8px}.elementor-widget-text-editor:not(.elementor-drop-cap-view-default) .elementor-drop-cap-letter{width:1em;height:1em}.elementor-widget-text-editor .elementor-drop-cap{float:left;text-align:center;line-height:1;font-size:50px}.elementor-widget-text-editor .elementor-drop-cap-letter{display:inline-block}<\/style>\t\t\t\t<!-- wp:paragraph -->\n<p><a href=\"http:\/\/calafat.cat\/index.php\/carles-jorro-totes-les-lletres-duna-entesa-cordial\/\">Carles Jorro: totes les lletres d\u2019una entesa cordial<\/a><\/p>\n<!-- \/wp:paragraph --><!-- wp:image {\"id\":165,\"sizeSlug\":\"full\",\"linkDestination\":\"none\"} -->\n<figure class=\"wp-block-image size-full\"><img loading=\"lazy\" decoding=\"async\" width=\"50\" height=\"29\" class=\"wp-image-165\" src=\"http:\/\/calafat.cat\/wp-content\/uploads\/2022\/03\/44.jpeg\" alt=\"\" \/><\/figure>\n<!-- \/wp:image --><!-- wp:paragraph -->\n<p>Ara que em diuen que Carles Jorro es jubila com a llibreter m\u2019adone del seu pes en la meua vida de lector, supose que tamb\u00e9 en la de molts altres lectors de la ciutat de Val\u00e8ncia. Carles \u00e9s una persona molt discreta i diligent, amb una paci\u00e8ncia inesgotable, si m\u00e9s no amb aquest lector.<\/p>\n<!-- \/wp:paragraph --><!-- wp:paragraph -->\n<p><a href=\"http:\/\/calafat.cat\/index.php\/el-teatre-de-manuel-la-tralla-que-allibera-4\/\">El teatre de Manuel: la tralla que allibera<\/a><\/p>\n<!-- \/wp:paragraph --><!-- wp:image {\"id\":166,\"sizeSlug\":\"full\",\"linkDestination\":\"none\"} -->\n<figure class=\"wp-block-image size-full\"><img loading=\"lazy\" decoding=\"async\" width=\"50\" height=\"33\" class=\"wp-image-166\" src=\"http:\/\/calafat.cat\/wp-content\/uploads\/2022\/03\/45.jpeg\" alt=\"\" \/><\/figure>\n<!-- \/wp:image --><!-- wp:paragraph -->\n<p>Molins \u00e9s un dels autors que miren el m\u00f3n i l\u2019escodrinyen amb el bistur\u00ed de la inquietud. De fet, per a mi, \u00e9s un \u201cmotoret\u201d, si em permeteu una expressi\u00f3 col\u00b7loquial, una persona incombustible. El seu cervell \u00e9s d\u2019una virul\u00e8ncia mental fant\u00e0stica.<\/p>\n<!-- \/wp:paragraph --><!-- wp:paragraph -->\n<p><a href=\"http:\/\/calafat.cat\/index.php\/homenatge-a-joan-m-monjo-2\/\">Homenatge a Joan M. Monjo<\/a><\/p>\n<!-- \/wp:paragraph --><!-- wp:image {\"id\":168,\"sizeSlug\":\"full\",\"linkDestination\":\"none\"} -->\n<figure class=\"wp-block-image size-full\"><img loading=\"lazy\" decoding=\"async\" width=\"50\" height=\"38\" class=\"wp-image-168\" src=\"http:\/\/calafat.cat\/wp-content\/uploads\/2022\/03\/46.jpeg\" alt=\"\" \/><\/figure>\n<!-- \/wp:image --><!-- wp:paragraph -->\n<p>Joan M. Monjo, per a l\u2019estudiant que vaig ser al final dels anys 70, era un dels protagonistes del reviscolament cultural i literari que volien llavar la cara a la literatura, a la poca literatura, que \u00e9s feia en catal\u00e0 ac\u00ed. Es pretenia construir, diria jo, una literatura amb cara i us.<\/p>\n<!-- \/wp:paragraph --><!-- wp:paragraph -->\n<p><a href=\"http:\/\/calafat.cat\/index.php\/homenatge-a-joan-ortega-redondo-2\/\">Homenatge a Joan Ortega Redondo<\/a><\/p>\n<!-- \/wp:paragraph --><!-- wp:image {\"id\":169,\"sizeSlug\":\"full\",\"linkDestination\":\"none\"} -->\n<figure class=\"wp-block-image size-full\"><img loading=\"lazy\" decoding=\"async\" width=\"50\" height=\"50\" class=\"wp-image-169\" src=\"http:\/\/calafat.cat\/wp-content\/uploads\/2022\/03\/47.jpeg\" alt=\"\" \/><\/figure>\n<!-- \/wp:image --><!-- wp:paragraph -->\n<p>Algunes persones m\u2019han demanat que isca a dir unes paraules sobre la persona i l\u2019obra de Joan Ortega.<\/p>\n<!-- \/wp:paragraph --><!-- wp:paragraph -->\n<p><a href=\"http:\/\/calafat.cat\/index.php\/homenatge-a-marc-granell-2\/\">Homenatge a Marc Granell<\/a><\/p>\n<!-- \/wp:paragraph --><!-- wp:image {\"id\":170,\"sizeSlug\":\"full\",\"linkDestination\":\"none\"} -->\n<figure class=\"wp-block-image size-full\"><img loading=\"lazy\" decoding=\"async\" width=\"50\" height=\"34\" class=\"wp-image-170\" src=\"http:\/\/calafat.cat\/wp-content\/uploads\/2022\/03\/48.jpeg\" alt=\"\" \/><\/figure>\n<!-- \/wp:image --><!-- wp:paragraph -->\n<p>L\u2019acte que ens ha convocat avui ac\u00ed va sorgir fa ara quasi un any quan a un grup d\u2019escriptors joves, en una conversa informal, se\u2019ls va oc\u00f3rrer la idea de manifestar l\u2019amistat i l\u2019agra\u00efment a Marc Granell per tot all\u00f2 que havia fet per la literatura del nostre pa\u00eds.<\/p>\n<!-- \/wp:paragraph --><!-- wp:paragraph -->\n<p><a href=\"http:\/\/calafat.cat\/index.php\/josep-ribera-entre-el-precipici-i-la-llum-2\/\">Josep Ribera: entre el precipici i la llum<\/a><\/p>\n<!-- \/wp:paragraph --><!-- wp:image {\"id\":171,\"sizeSlug\":\"full\",\"linkDestination\":\"none\"} -->\n<figure class=\"wp-block-image size-full\"><img loading=\"lazy\" decoding=\"async\" width=\"50\" height=\"39\" class=\"wp-image-171\" src=\"http:\/\/calafat.cat\/wp-content\/uploads\/2022\/03\/49.jpeg\" alt=\"\" \/><\/figure>\n<!-- \/wp:image --><!-- wp:paragraph -->\n<p>Josep Ribera s\u2019estren\u00e0 com a poeta el 1994 amb <em>Alba lasciva<\/em>. Des de llavors ha publicat tres llibres m\u00e9s: <em>Els espadats de Morris Jesup<\/em> (2000), <em>Plenamar<\/em> (2003) i el darrer, <em>Vor\u00e0gine<\/em>, amb la tinta encara fresca, \u00e9s el motiu que ens reuneix avui ac\u00ed.<\/p>\n<!-- \/wp:paragraph --><!-- wp:paragraph -->\n<p><a href=\"http:\/\/calafat.cat\/index.php\/presentacio-de-el-conte-a-valencia-2\/\">Presentaci\u00f3 de \u00abEl conte a Val\u00e8ncia\u00bb<\/a><\/p>\n<!-- \/wp:paragraph --><!-- wp:image {\"id\":172,\"sizeSlug\":\"full\",\"linkDestination\":\"none\"} -->\n<figure class=\"wp-block-image size-full\"><img loading=\"lazy\" decoding=\"async\" width=\"50\" height=\"50\" class=\"wp-image-172\" src=\"http:\/\/calafat.cat\/wp-content\/uploads\/2022\/03\/50.jpeg\" alt=\"\" \/><\/figure>\n<!-- \/wp:image --><!-- wp:paragraph -->\n<p>Es publiquen prou antologies. Sobretot po\u00e8tiques. De contes n\u2019hi ha menys, si m\u00e9s no entre nosaltres. Les antologies tenen els seus inconvenients i les seues bondats.<\/p>\n<!-- \/wp:paragraph --><!-- wp:paragraph -->\n<p><a href=\"http:\/\/calafat.cat\/index.php\/presentacio-de-poemes-de-la-resistencia-chicana-2\/\">Presentaci\u00f3 de \u00abPoemes de la resist\u00e8ncia chicana\u00bb<\/a><\/p>\n<!-- \/wp:paragraph --><!-- wp:image {\"id\":173,\"sizeSlug\":\"full\",\"linkDestination\":\"none\"} -->\n<figure class=\"wp-block-image size-full\"><img loading=\"lazy\" decoding=\"async\" width=\"50\" height=\"37\" class=\"wp-image-173\" src=\"http:\/\/calafat.cat\/wp-content\/uploads\/2022\/03\/51.jpeg\" alt=\"\" \/><\/figure>\n<!-- \/wp:image --><!-- wp:paragraph -->\n<p>Quan se\u2019m va proposar presentar el llibre vaig acceptar de seguida per dues raons.<\/p>\n<!-- \/wp:paragraph --><!-- wp:paragraph -->\n<p><a href=\"http:\/\/calafat.cat\/index.php\/presentacio-doasi-breu-de-josep-lluis-roig-2\/\">Presentaci\u00f3 d\u2019\u00bbOasi breu\u00bb de Josep Llu\u00eds Roig<\/a><\/p>\n<!-- \/wp:paragraph --><!-- wp:image {\"id\":174,\"sizeSlug\":\"full\",\"linkDestination\":\"none\"} -->\n<figure class=\"wp-block-image size-full\"><img loading=\"lazy\" decoding=\"async\" width=\"50\" height=\"50\" class=\"wp-image-174\" src=\"http:\/\/calafat.cat\/wp-content\/uploads\/2022\/03\/52.jpeg\" alt=\"\" \/><\/figure>\n<!-- \/wp:image --><!-- wp:paragraph -->\n<p>Josep Llu\u00eds Roig tingu\u00e9 uns inicis brillants com a escriptor.<\/p>\n<!-- \/wp:paragraph --><!-- wp:paragraph -->\n<p><a href=\"http:\/\/calafat.cat\/index.php\/tandem-la-vitalitat-creixent-duna-editorial-2\/\">T\u00e0ndem: la vitalitat creixent d\u2019una editorial<\/a><\/p>\n<!-- \/wp:paragraph --><!-- wp:image {\"id\":175,\"sizeSlug\":\"full\",\"linkDestination\":\"none\"} -->\n<figure class=\"wp-block-image size-full\"><img loading=\"lazy\" decoding=\"async\" width=\"50\" height=\"50\" class=\"wp-image-175\" src=\"http:\/\/calafat.cat\/wp-content\/uploads\/2022\/03\/53.jpeg\" alt=\"\" \/><\/figure>\n<!-- \/wp:image --><!-- wp:paragraph -->\n<p>El mercat de llibres en catal\u00e0 al Pa\u00eds Valenci\u00e0 \u00e9s un espai complex, dif\u00edcil i de creixement molt lent, si es vol dir aix\u00ed, per\u00f2 no la situaci\u00f3 no pinta tan mal com alguns editors del Principat creuen i exposaren fa uns n\u00fameros en aquesta mateixa revista.<\/p>\n<!-- \/wp:paragraph --><!-- wp:paragraph -->\n<p>\u00a0<\/p>\n<!-- \/wp:paragraph --><!-- wp:paragraph -->\n<p><a href=\"http:\/\/calafat.cat\/index.php\/tota-una-historia-en-versio-original-2\/\">Tota una hist\u00f2ria en versi\u00f3 original<\/a><\/p>\n<!-- \/wp:paragraph --><!-- wp:image {\"id\":176,\"sizeSlug\":\"full\",\"linkDestination\":\"none\"} -->\n<figure class=\"wp-block-image size-full\"><img loading=\"lazy\" decoding=\"async\" width=\"50\" height=\"17\" class=\"wp-image-176\" src=\"http:\/\/calafat.cat\/wp-content\/uploads\/2022\/03\/54.jpeg\" alt=\"\" \/><\/figure>\n<!-- \/wp:image --><!-- wp:paragraph -->\n<p>L\u2019ofici d\u2019editor al Pa\u00eds Valenci\u00e0 \u00e9s una aventura singular. Demana passi\u00f3. Una doble passi\u00f3: pels llibres i pel pa\u00eds. I exigeix, amb tirania, olfacte empresarial. L\u2019editorial Bromera va sorgir l\u2019any 1986 al descobert. Amb moltes ganes, per\u00f2 amb poca experi\u00e8ncia.<\/p>\n<!-- \/wp:paragraph --><!-- wp:paragraph -->\n<p><a href=\"http:\/\/calafat.cat\/index.php\/un-humanista-a-la-valencia-del-segle-xx-2\/\">Un humanista a la Val\u00e8ncia del segle XX<\/a><\/p>\n<!-- \/wp:paragraph --><!-- wp:image {\"id\":177,\"sizeSlug\":\"full\",\"linkDestination\":\"none\"} -->\n<figure class=\"wp-block-image size-full\"><img loading=\"lazy\" decoding=\"async\" width=\"50\" height=\"34\" class=\"wp-image-177\" src=\"http:\/\/calafat.cat\/wp-content\/uploads\/2022\/03\/55.jpeg\" alt=\"\" \/><\/figure>\n<!-- \/wp:image --><!-- wp:paragraph -->\n<p>Passen els anys, per\u00f2 sembla que algunes coses determinades no canvien. Per exemple, la burrera valenciana.<\/p>\n<!-- \/wp:paragraph -->\t\t\t\t\t\t<\/div>\n\t\t\t\t<\/div>\n\t\t\t\t\t<\/div>\n\t\t<\/div>\n\t\t\t\t\t\t\t<\/div>\n\t\t<\/section>\n\t\t\t\t\t\t\t<\/div>\n\t\t","protected":false},"excerpt":{"rendered":"<p>Carles Jorro: totes les lletres d\u2019una entesa cordial Ara que em diuen que Carles Jorro es jubila com a llibreter m\u2019adone del seu pes en la meua vida de lector, supose que tamb\u00e9 en la de molts altres lectors de la ciutat de Val\u00e8ncia. Carles \u00e9s una persona molt discreta i diligent, amb una paci\u00e8ncia &#8230; <a title=\"Homenatges\/Presentacions\" class=\"read-more\" href=\"https:\/\/calafat.cat\/index.php\/per-generes\/homenatges-presentacions\/\" aria-label=\"M\u00e1s en Homenatges\/Presentacions\">Leer m\u00e1s<\/a><\/p>\n","protected":false},"author":1,"featured_media":0,"parent":85,"menu_order":0,"comment_status":"closed","ping_status":"closed","template":"","meta":{"footnotes":""},"class_list":["post-92","page","type-page","status-publish"],"_links":{"self":[{"href":"https:\/\/calafat.cat\/index.php\/wp-json\/wp\/v2\/pages\/92","targetHints":{"allow":["GET"]}}],"collection":[{"href":"https:\/\/calafat.cat\/index.php\/wp-json\/wp\/v2\/pages"}],"about":[{"href":"https:\/\/calafat.cat\/index.php\/wp-json\/wp\/v2\/types\/page"}],"author":[{"embeddable":true,"href":"https:\/\/calafat.cat\/index.php\/wp-json\/wp\/v2\/users\/1"}],"replies":[{"embeddable":true,"href":"https:\/\/calafat.cat\/index.php\/wp-json\/wp\/v2\/comments?post=92"}],"version-history":[{"count":7,"href":"https:\/\/calafat.cat\/index.php\/wp-json\/wp\/v2\/pages\/92\/revisions"}],"predecessor-version":[{"id":2532,"href":"https:\/\/calafat.cat\/index.php\/wp-json\/wp\/v2\/pages\/92\/revisions\/2532"}],"up":[{"embeddable":true,"href":"https:\/\/calafat.cat\/index.php\/wp-json\/wp\/v2\/pages\/85"}],"wp:attachment":[{"href":"https:\/\/calafat.cat\/index.php\/wp-json\/wp\/v2\/media?parent=92"}],"curies":[{"name":"wp","href":"https:\/\/api.w.org\/{rel}","templated":true}]}}