{"id":940,"date":"2022-04-07T09:28:30","date_gmt":"2022-04-07T09:28:30","guid":{"rendered":"http:\/\/calafat.cat\/?page_id=940"},"modified":"2022-05-19T08:54:02","modified_gmt":"2022-05-19T08:54:02","slug":"c","status":"publish","type":"page","link":"https:\/\/calafat.cat\/index.php\/c\/","title":{"rendered":"C"},"content":{"rendered":"\n<p><\/p>\n\n\n\n<figure class=\"wp-block-image size-full\"><img loading=\"lazy\" decoding=\"async\" width=\"240\" height=\"160\" src=\"http:\/\/calafat.cat\/wp-content\/uploads\/2022\/05\/c-1.jpeg\" alt=\"\" class=\"wp-image-3913\" title=\"Fotografia: Pilar Moreno. Font: divulgamat2.ehu.es\"\/><\/figure>\n\n\n\n<p><strong>Carles Alberola<\/strong><br><a href=\"http:\/\/calafat.cat\/index.php\/tota-una-historia-en-versio-original-2\/\" data-type=\"page\" data-id=\"1762\">Tota una hist\u00f2ria en versi\u00f3 original<\/a><\/p>\n\n\n\n<p><strong>Carles Bellver<\/strong><br><a href=\"http:\/\/calafat.cat\/index.php\/valenciana-sa-de-prosa\/\" data-type=\"page\" data-id=\"1488\">Valenciana, SA de prosa<\/a><\/p>\n\n\n\n<p><strong>Carles Camps Mund\u00f3<\/strong><br><a href=\"http:\/\/calafat.cat\/index.php\/fragments-duna-identitat-3\/\" data-type=\"page\" data-id=\"2046\">Fragments d\u2019una identitat<\/a><\/p>\n\n\n\n<p><strong>Carles Cano<\/strong><br><a href=\"http:\/\/calafat.cat\/index.php\/tota-una-historia-en-versio-original-2\/\" data-type=\"page\" data-id=\"1762\">Tota una hist\u00f2ria en versi\u00f3 original<\/a><\/p>\n\n\n\n<p><strong>Carles Cort\u00e9s<\/strong><br><a href=\"http:\/\/calafat.cat\/index.php\/valenciana-sa-de-prosa\/\" data-type=\"page\" data-id=\"1488\">Valenciana, SA de prosa<\/a><\/p>\n\n\n\n<p><strong>Carles Jorro-Llibreter<\/strong><br><a href=\"http:\/\/calafat.cat\/index.php\/carles-jorro-totes-les-lletres-duna-entesa-cordial\/\" data-type=\"page\" data-id=\"1404\">Carles Jorro: totes les lletres d\u2019una entesa cordial<\/a><\/p>\n\n\n\n<p><strong>Carles Miralles<\/strong><br><a href=\"http:\/\/calafat.cat\/index.php\/la-quimera-de-la-tragedia\/\" data-type=\"page\" data-id=\"1418\">La quimera de la trag\u00e8dia<\/a><\/p>\n\n\n\n<p><strong>Carlos Marzal<\/strong><br><a href=\"http:\/\/calafat.cat\/index.php\/poetes-a-valencia\/\" data-type=\"page\" data-id=\"1344\">Poetes a Val\u00e8ncia<\/a><\/p>\n\n\n\n<p><strong>Carme Gregori<\/strong><br><a href=\"http:\/\/calafat.cat\/index.php\/actes-del-primer-simposi-internacional-de-narrativa-breu\/\" data-type=\"page\" data-id=\"1250\">Actes del primer simposi internacional de narrativa breu<\/a><br><a href=\"http:\/\/calafat.cat\/index.php\/la-narrativa-breu-i-merce-rodoreda\/\" data-type=\"page\" data-id=\"1276\">La narrativa breu i Merc\u00e8 Rodoreda<\/a><\/p>\n\n\n\n<p><strong>Carme Miquel<\/strong><br><a href=\"http:\/\/calafat.cat\/index.php\/els-distints-camins-de-la-novel%c2%b7la-actual\/\" data-type=\"page\" data-id=\"1304\">Els distints camins de la novel\u00b7la actual<\/a><br><a href=\"http:\/\/calafat.cat\/index.php\/un-bon-moment-per-a-la-narrativa-valenciana-2\/\" data-type=\"page\" data-id=\"1904\">Un bon moment per a la narrativa valenciana<\/a><br><a href=\"http:\/\/calafat.cat\/index.php\/una-literatura-emergent\/\" data-type=\"page\" data-id=\"1402\">Una literatura emergent<\/a><\/p>\n\n\n\n<p><strong>Carme Manuel<\/strong><br><a href=\"http:\/\/calafat.cat\/index.php\/saltant-duna-travessa-a-laltra\/\" data-type=\"page\" data-id=\"1034\">Saltant d\u2019una travessa a l\u2019altra<\/a><br><a href=\"http:\/\/calafat.cat\/index.php\/vitalitat-de-la-lletra-impresa-la-literatura-valenciana-sobreviu-als-efectes-duna-crisi-que-sacarnissa-tambe-amb-el-mon-de-la-cultura\/\" data-type=\"page\" data-id=\"1094\">Vitalitat de la lletra impresa<\/a><\/p>\n\n\n\n<p><strong>Carme Manuel-Traductora<\/strong><br><a href=\"http:\/\/calafat.cat\/index.php\/presentacio-de-poemes-de-la-resistencia-chicana-2\/\" data-type=\"page\" data-id=\"1756\">Presentaci\u00f3 \u00abPoemes de la resist\u00e8ncia chicana\u00bb<\/a><\/p>\n\n\n\n<p><strong>Carme Puig<\/strong><br><a href=\"http:\/\/calafat.cat\/index.php\/tandem-la-vitalitat-creixent-duna-editorial-2\/\" data-type=\"page\" data-id=\"1760\">T\u00e0ndem: la vitalitat creixent d\u2019una editorial<\/a><\/p>\n\n\n\n<p><strong>Carmelina S\u00e1nchez-Cutillas<\/strong><br><a href=\"http:\/\/calafat.cat\/index.php\/realisme-i-lirica\/\" data-type=\"page\" data-id=\"1030\">Realisme i l\u00edrica<\/a><\/p>\n\n\n\n<p><strong>Cees Nooteboom<\/strong><br><a href=\"http:\/\/calafat.cat\/index.php\/un-home-somiat-2\/\" data-type=\"page\" data-id=\"1910\">Un home somiat<\/a><\/p>\n\n\n\n<p><strong>Charles Dickens<\/strong><br><a href=\"http:\/\/calafat.cat\/index.php\/la-gran-comedia-humana\/\" data-type=\"page\" data-id=\"1238\">La gran com\u00e8dia humana<\/a><\/p>\n\n\n\n<p><strong>Chiara Zocchi<\/strong><br><a href=\"http:\/\/calafat.cat\/index.php\/ntroduccio-a-olga-de-chiara-zocchi\/\" data-type=\"page\" data-id=\"1270\">Introducci\u00f3 a \u00abOlga\u00bb, de Chiara Zocchi<\/a><\/p>\n\n\n\n<p><strong>Christine N\u00f6sterling<\/strong><br><a href=\"http:\/\/calafat.cat\/index.php\/tandem-la-vitalitat-creixent-duna-editorial-2\/\" data-type=\"page\" data-id=\"1760\">T\u00e0ndem: la vitalitat creixent d\u2019una editorial<\/a><\/p>\n\n\n\n<p><strong><a href=\"http:\/\/calafat.cat\/index.php\/a\/\">A<\/a>&nbsp;&nbsp;<a href=\"http:\/\/calafat.cat\/index.php\/b\/\">B<\/a>&nbsp;&nbsp;<a href=\"http:\/\/calafat.cat\/index.php\/c\/\">C<\/a>&nbsp;&nbsp;<a href=\"http:\/\/calafat.cat\/index.php\/d\/\">D<\/a>&nbsp;&nbsp;<a href=\"http:\/\/calafat.cat\/index.php\/e\/\">E<\/a>&nbsp;&nbsp;<a href=\"http:\/\/calafat.cat\/index.php\/f\/\">F<\/a>&nbsp;&nbsp;<a href=\"http:\/\/calafat.cat\/index.php\/g\/\">G<\/a>&nbsp;&nbsp;<br><br><br><a href=\"http:\/\/calafat.cat\/index.php\/h\/\">H<\/a>&nbsp;&nbsp;<a href=\"http:\/\/calafat.cat\/index.php\/i\/\">I<\/a>&nbsp;&nbsp;<a href=\"http:\/\/calafat.cat\/index.php\/j\/\">J<\/a>&nbsp;&nbsp;<a href=\"http:\/\/calafat.cat\/index.php\/k\/\">K<\/a>&nbsp;&nbsp;<a href=\"http:\/\/calafat.cat\/index.php\/l\/\">L<\/a>&nbsp;&nbsp;<a href=\"http:\/\/calafat.cat\/index.php\/m\/\">M<\/a>&nbsp;&nbsp;<a href=\"http:\/\/calafat.cat\/index.php\/n\/\">N<\/a>&nbsp;&nbsp;<br><br><br><a href=\"http:\/\/calafat.cat\/index.php\/o\/\">O<\/a>&nbsp;<a href=\"http:\/\/calafat.cat\/index.php\/p\/\">P<\/a>&nbsp;&nbsp;<a href=\"http:\/\/calafat.cat\/index.php\/q-2\/\">Q<\/a>&nbsp;&nbsp;<a href=\"http:\/\/calafat.cat\/index.php\/r\/\">R<\/a>&nbsp;&nbsp;<a href=\"http:\/\/calafat.cat\/index.php\/s\/\">S<\/a>&nbsp;&nbsp;<a href=\"http:\/\/calafat.cat\/index.php\/t\/\">T<\/a>&nbsp;&nbsp;<a href=\"http:\/\/calafat.cat\/index.php\/u\/\">U&nbsp;<\/a>&nbsp;<br><br><br><a href=\"http:\/\/calafat.cat\/index.php\/v\/\">V<\/a>&nbsp;&nbsp;<a href=\"http:\/\/calafat.cat\/index.php\/w\/\">W<\/a>&nbsp;&nbsp;<a href=\"http:\/\/calafat.cat\/index.php\/x\/\">X<\/a>&nbsp;&nbsp;<a href=\"http:\/\/calafat.cat\/index.php\/y\/\">Y<\/a>&nbsp;&nbsp;<a href=\"http:\/\/calafat.cat\/index.php\/z\/\">Z<\/a><\/strong><\/p>\n","protected":false},"excerpt":{"rendered":"<p>Carles AlberolaTota una hist\u00f2ria en versi\u00f3 original Carles BellverValenciana, SA de prosa Carles Camps Mund\u00f3Fragments d\u2019una identitat Carles CanoTota una hist\u00f2ria en versi\u00f3 original Carles Cort\u00e9sValenciana, SA de prosa Carles Jorro-LlibreterCarles Jorro: totes les lletres d\u2019una entesa cordial Carles MirallesLa quimera de la trag\u00e8dia Carlos MarzalPoetes a Val\u00e8ncia Carme GregoriActes del primer simposi internacional de &#8230; <a title=\"C\" class=\"read-more\" href=\"https:\/\/calafat.cat\/index.php\/c\/\" aria-label=\"M\u00e1s en C\">Leer m\u00e1s<\/a><\/p>\n","protected":false},"author":1,"featured_media":0,"parent":0,"menu_order":0,"comment_status":"closed","ping_status":"closed","template":"","meta":{"footnotes":""},"class_list":["post-940","page","type-page","status-publish"],"_links":{"self":[{"href":"https:\/\/calafat.cat\/index.php\/wp-json\/wp\/v2\/pages\/940","targetHints":{"allow":["GET"]}}],"collection":[{"href":"https:\/\/calafat.cat\/index.php\/wp-json\/wp\/v2\/pages"}],"about":[{"href":"https:\/\/calafat.cat\/index.php\/wp-json\/wp\/v2\/types\/page"}],"author":[{"embeddable":true,"href":"https:\/\/calafat.cat\/index.php\/wp-json\/wp\/v2\/users\/1"}],"replies":[{"embeddable":true,"href":"https:\/\/calafat.cat\/index.php\/wp-json\/wp\/v2\/comments?post=940"}],"version-history":[{"count":4,"href":"https:\/\/calafat.cat\/index.php\/wp-json\/wp\/v2\/pages\/940\/revisions"}],"predecessor-version":[{"id":3985,"href":"https:\/\/calafat.cat\/index.php\/wp-json\/wp\/v2\/pages\/940\/revisions\/3985"}],"wp:attachment":[{"href":"https:\/\/calafat.cat\/index.php\/wp-json\/wp\/v2\/media?parent=940"}],"curies":[{"name":"wp","href":"https:\/\/api.w.org\/{rel}","templated":true}]}}