{"id":948,"date":"2022-04-07T09:44:48","date_gmt":"2022-04-07T09:44:48","guid":{"rendered":"http:\/\/calafat.cat\/?page_id=948"},"modified":"2022-05-19T09:47:07","modified_gmt":"2022-05-19T09:47:07","slug":"g","status":"publish","type":"page","link":"https:\/\/calafat.cat\/index.php\/g\/","title":{"rendered":"G"},"content":{"rendered":"\n<p><\/p>\n\n\n\n<figure class=\"wp-block-image size-full\"><img loading=\"lazy\" decoding=\"async\" width=\"240\" height=\"160\" src=\"http:\/\/calafat.cat\/wp-content\/uploads\/2022\/05\/g.jpeg\" alt=\"\" class=\"wp-image-3921\" title=\"Fotografia: Pilar Moreno. Font: divulgamat2.ehu.es\"\/><\/figure>\n\n\n\n<p><strong>Gabriel Ferrater<\/strong><br><a href=\"http:\/\/calafat.cat\/index.php\/realisme-i-lirica\/\" data-type=\"page\" data-id=\"1030\">Realisme i l\u00edrica<\/a><\/p>\n\n\n\n<p><strong>Gabriel Janer Manila<\/strong><br><a href=\"http:\/\/calafat.cat\/index.php\/el-conte-a-valencia\/\" data-type=\"page\" data-id=\"1300\">El conte a Val\u00e8ncia<\/a><br><a href=\"http:\/\/calafat.cat\/index.php\/tota-una-historia-en-versio-original-2\/\" data-type=\"page\" data-id=\"1762\">Tota una hist\u00f2ria en versi\u00f3 original<\/a><\/p>\n\n\n\n<p><strong>Gaspar Ja\u00e9n i Urban<\/strong><br><a href=\"http:\/\/calafat.cat\/index.php\/el-tremolor-del-record-i-la-caricia-2\/\" data-type=\"page\" data-id=\"1978\">El tremolor del record i la car\u00edcia<\/a><br><a href=\"http:\/\/calafat.cat\/index.php\/una-literatura-emergent\/\" data-type=\"page\" data-id=\"1402\">Una literatura emergent<\/a><br><a href=\"http:\/\/calafat.cat\/index.php\/vitalitat-de-la-lletra-impresa-la-literatura-valenciana-sobreviu-als-efectes-duna-crisi-que-sacarnissa-tambe-amb-el-mon-de-la-cultura\/\" data-type=\"page\" data-id=\"1094\">Vitalitat de la lletra impresa<\/a><\/p>\n\n\n\n<p><strong>Georg Wilhelm Friedrich Hegel<\/strong><br><a href=\"http:\/\/calafat.cat\/index.php\/la-quimera-de-la-tragedia\/\" data-type=\"page\" data-id=\"1418\">La quimera de la trag\u00e8dia<\/a><\/p>\n\n\n\n<p><strong>George Steiner<\/strong><br><a href=\"http:\/\/calafat.cat\/articles\/la-quimera-de-la-tragedia\">La quimera de la trag\u00e8dia<\/a><\/p>\n\n\n\n<p><strong>G\u00e9rard de Nerval<\/strong><br><a href=\"http:\/\/calafat.cat\/index.php\/somni-de-somnis\/\" data-type=\"page\" data-id=\"1226\">Somni de somnis<\/a><\/p>\n\n\n\n<p><strong>Gerard Verg\u00e9s-Traductor<\/strong><br><a href=\"http:\/\/calafat.cat\/index.php\/velles-paraules-noves-emocions\/\" data-type=\"page\" data-id=\"1214\">Velles paraules, noves emocions<\/a><\/p>\n\n\n\n<p><strong>Gl\u00f2ria Casals<\/strong><br><a href=\"http:\/\/calafat.cat\/?page_id=4001\" data-type=\"page\" data-id=\"4001\">L\u2019art po\u00e8tic de Joan Maragall<\/a><\/p>\n\n\n\n<p><strong>Gl\u00f2ria Llobet<\/strong><br><a href=\"http:\/\/calafat.cat\/index.php\/tota-una-historia-en-versio-original-2\/\" data-type=\"page\" data-id=\"1762\">Tota una hist\u00f2ria en versi\u00f3 original<\/a><\/p>\n\n\n\n<p><strong>Guillem Frontera<\/strong><br><a href=\"http:\/\/calafat.cat\/index.php\/primavera-dhivern-2\/\" data-type=\"page\" data-id=\"1187\">Primavera d&#8217;hivern<\/a><\/p>\n\n\n\n<p><strong>G\u00fcnter Grass<\/strong><br><a href=\"http:\/\/calafat.cat\/index.php\/els-laberints-de-la-historia\/\" data-type=\"page\" data-id=\"1617\">Els laberints de la hist\u00f2ria<\/a><\/p>\n\n\n\n<p><strong>Gustau Mu\u00f1oz<\/strong><br><a href=\"http:\/\/calafat.cat\/index.php\/al-compas-de-les-lletres\/\" data-type=\"page\" data-id=\"1425\">Al comp\u00e0s de les lletres<\/a><br><a href=\"http:\/\/calafat.cat\/index.php\/un-any-de-lletres\/\" data-type=\"page\" data-id=\"1358\">Un any de lletres<\/a><br><a href=\"http:\/\/calafat.cat\/index.php\/una-literatura-emergent\/\" data-type=\"page\" data-id=\"1402\">Una literatura emergent<\/a><\/p>\n\n\n\n<p><strong>Gustavo Adolfo B\u00e9quer<\/strong><br><a href=\"http:\/\/calafat.cat\/index.php\/al-compas-de-les-lletres\/\" data-type=\"page\" data-id=\"1425\">Al comp\u00e0s de les lletres<\/a><\/p>\n\n\n\n<p><strong><a href=\"http:\/\/calafat.cat\/index.php\/a\/\">A<\/a>\u00a0\u00a0<a href=\"http:\/\/calafat.cat\/index.php\/b\/\">B<\/a>\u00a0\u00a0<a href=\"http:\/\/calafat.cat\/index.php\/c\/\">C<\/a>\u00a0\u00a0<a href=\"http:\/\/calafat.cat\/index.php\/d\/\">D<\/a>\u00a0\u00a0<a href=\"http:\/\/calafat.cat\/index.php\/e\/\">E<\/a>\u00a0\u00a0<a href=\"http:\/\/calafat.cat\/index.php\/f\/\">F<\/a>\u00a0\u00a0<a href=\"http:\/\/calafat.cat\/index.php\/g\/\">G<\/a>\u00a0\u00a0<br><br><br><a href=\"http:\/\/calafat.cat\/index.php\/h\/\">H<\/a>\u00a0\u00a0<a href=\"http:\/\/calafat.cat\/index.php\/i\/\">I<\/a>\u00a0\u00a0<a href=\"http:\/\/calafat.cat\/index.php\/j\/\">J<\/a>\u00a0\u00a0<a href=\"http:\/\/calafat.cat\/index.php\/k\/\">K<\/a>\u00a0\u00a0<a href=\"http:\/\/calafat.cat\/index.php\/l\/\">L<\/a>\u00a0\u00a0<a href=\"http:\/\/calafat.cat\/index.php\/m\/\">M<\/a>\u00a0\u00a0<a href=\"http:\/\/calafat.cat\/index.php\/n\/\">N<\/a>\u00a0\u00a0<br><br><br><a href=\"http:\/\/calafat.cat\/index.php\/o\/\">O<\/a>\u00a0<a href=\"http:\/\/calafat.cat\/index.php\/p\/\">P<\/a>\u00a0\u00a0<a href=\"http:\/\/calafat.cat\/index.php\/q-2\/\">Q<\/a>\u00a0\u00a0<a href=\"http:\/\/calafat.cat\/index.php\/r\/\">R<\/a>\u00a0\u00a0<a href=\"http:\/\/calafat.cat\/index.php\/s\/\">S<\/a>\u00a0\u00a0<a href=\"http:\/\/calafat.cat\/index.php\/t\/\">T<\/a>\u00a0\u00a0<a href=\"http:\/\/calafat.cat\/index.php\/u\/\">U\u00a0<\/a>\u00a0<br><br><br><a href=\"http:\/\/calafat.cat\/index.php\/v\/\">V<\/a>\u00a0\u00a0<a href=\"http:\/\/calafat.cat\/index.php\/w\/\">W<\/a>\u00a0\u00a0<a href=\"http:\/\/calafat.cat\/index.php\/x\/\">X<\/a>\u00a0\u00a0<a href=\"http:\/\/calafat.cat\/index.php\/y\/\">Y<\/a>\u00a0\u00a0<a href=\"http:\/\/calafat.cat\/index.php\/z\/\">Z<\/a><\/strong><\/p>\n","protected":false},"excerpt":{"rendered":"<p>Gabriel FerraterRealisme i l\u00edrica Gabriel Janer ManilaEl conte a Val\u00e8nciaTota una hist\u00f2ria en versi\u00f3 original Gaspar Ja\u00e9n i UrbanEl tremolor del record i la car\u00edciaUna literatura emergentVitalitat de la lletra impresa Georg Wilhelm Friedrich HegelLa quimera de la trag\u00e8dia George SteinerLa quimera de la trag\u00e8dia G\u00e9rard de NervalSomni de somnis Gerard Verg\u00e9s-TraductorVelles paraules, noves emocions &#8230; <a title=\"G\" class=\"read-more\" href=\"https:\/\/calafat.cat\/index.php\/g\/\" aria-label=\"M\u00e1s en G\">Leer m\u00e1s<\/a><\/p>\n","protected":false},"author":1,"featured_media":0,"parent":0,"menu_order":0,"comment_status":"closed","ping_status":"closed","template":"","meta":{"footnotes":""},"class_list":["post-948","page","type-page","status-publish"],"_links":{"self":[{"href":"https:\/\/calafat.cat\/index.php\/wp-json\/wp\/v2\/pages\/948","targetHints":{"allow":["GET"]}}],"collection":[{"href":"https:\/\/calafat.cat\/index.php\/wp-json\/wp\/v2\/pages"}],"about":[{"href":"https:\/\/calafat.cat\/index.php\/wp-json\/wp\/v2\/types\/page"}],"author":[{"embeddable":true,"href":"https:\/\/calafat.cat\/index.php\/wp-json\/wp\/v2\/users\/1"}],"replies":[{"embeddable":true,"href":"https:\/\/calafat.cat\/index.php\/wp-json\/wp\/v2\/comments?post=948"}],"version-history":[{"count":3,"href":"https:\/\/calafat.cat\/index.php\/wp-json\/wp\/v2\/pages\/948\/revisions"}],"predecessor-version":[{"id":4004,"href":"https:\/\/calafat.cat\/index.php\/wp-json\/wp\/v2\/pages\/948\/revisions\/4004"}],"wp:attachment":[{"href":"https:\/\/calafat.cat\/index.php\/wp-json\/wp\/v2\/media?parent=948"}],"curies":[{"name":"wp","href":"https:\/\/api.w.org\/{rel}","templated":true}]}}