{"id":964,"date":"2022-04-07T09:55:46","date_gmt":"2022-04-07T09:55:46","guid":{"rendered":"http:\/\/calafat.cat\/?page_id=964"},"modified":"2022-05-19T13:15:48","modified_gmt":"2022-05-19T13:15:48","slug":"o","status":"publish","type":"page","link":"https:\/\/calafat.cat\/index.php\/o\/","title":{"rendered":"O"},"content":{"rendered":"\n<p><\/p>\n\n\n\n<figure class=\"wp-block-image size-full\"><img loading=\"lazy\" decoding=\"async\" width=\"240\" height=\"160\" src=\"http:\/\/calafat.cat\/wp-content\/uploads\/2022\/05\/o.jpeg\" alt=\"\" class=\"wp-image-3937\" title=\"Fotografia: Pilar Moreno. Font: divulgamat2.ehu.es\"\/><\/figure>\n\n\n\n<p><strong>Octavi Monson\u00eds<\/strong><br><a href=\"http:\/\/calafat.cat\/index.php\/vitalitat-de-la-lletra-impresa-la-literatura-valenciana-sobreviu-als-efectes-duna-crisi-que-sacarnissa-tambe-amb-el-mon-de-la-cultura\/\" data-type=\"page\" data-id=\"1094\">Vitalitat de la lletra impresa<\/a><\/p>\n\n\n\n<p><strong>\u00d2scar Villarroya<\/strong><br><a href=\"http:\/\/calafat.cat\/index.php\/un-any-de-lletres\/\" data-type=\"page\" data-id=\"1358\">Un any de lletres<\/a><\/p>\n\n\n\n<p><strong>Ovidi Montllor<\/strong><br><a href=\"http:\/\/calafat.cat\/index.php\/realisme-i-lirica\/\" data-type=\"page\" data-id=\"1030\">Realisme i l\u00edrica<\/a><\/p>\n\n\n\n<p><strong><a href=\"http:\/\/calafat.cat\/index.php\/a\/\">A<\/a>\u00a0\u00a0<a href=\"http:\/\/calafat.cat\/index.php\/b\/\">B<\/a>\u00a0\u00a0<a href=\"http:\/\/calafat.cat\/index.php\/c\/\">C<\/a>\u00a0\u00a0<a href=\"http:\/\/calafat.cat\/index.php\/d\/\">D<\/a>\u00a0\u00a0<a href=\"http:\/\/calafat.cat\/index.php\/e\/\">E<\/a>\u00a0\u00a0<a href=\"http:\/\/calafat.cat\/index.php\/f\/\">F<\/a>\u00a0\u00a0<a href=\"http:\/\/calafat.cat\/index.php\/g\/\">G<\/a>\u00a0\u00a0<br><br><br><a href=\"http:\/\/calafat.cat\/index.php\/h\/\">H<\/a>\u00a0\u00a0<a href=\"http:\/\/calafat.cat\/index.php\/i\/\">I<\/a>\u00a0\u00a0<a href=\"http:\/\/calafat.cat\/index.php\/j\/\">J<\/a>\u00a0\u00a0<a href=\"http:\/\/calafat.cat\/index.php\/k\/\">K<\/a>\u00a0\u00a0<a href=\"http:\/\/calafat.cat\/index.php\/l\/\">L<\/a>\u00a0\u00a0<a href=\"http:\/\/calafat.cat\/index.php\/m\/\">M<\/a>\u00a0\u00a0<a href=\"http:\/\/calafat.cat\/index.php\/n\/\">N<\/a>\u00a0\u00a0<br><br><br><a href=\"http:\/\/calafat.cat\/index.php\/o\/\">O<\/a>\u00a0<a href=\"http:\/\/calafat.cat\/index.php\/p\/\">P<\/a>\u00a0\u00a0<a href=\"http:\/\/calafat.cat\/index.php\/q-2\/\">Q<\/a>\u00a0\u00a0<a href=\"http:\/\/calafat.cat\/index.php\/r\/\">R<\/a>\u00a0\u00a0<a href=\"http:\/\/calafat.cat\/index.php\/s\/\">S<\/a>\u00a0\u00a0<a href=\"http:\/\/calafat.cat\/index.php\/t\/\">T<\/a>\u00a0\u00a0<a href=\"http:\/\/calafat.cat\/index.php\/u\/\">U\u00a0<\/a>\u00a0<br><br><br><a href=\"http:\/\/calafat.cat\/index.php\/v\/\">V<\/a>\u00a0\u00a0<a href=\"http:\/\/calafat.cat\/index.php\/w\/\">W<\/a>\u00a0\u00a0<a href=\"http:\/\/calafat.cat\/index.php\/x\/\">X<\/a>\u00a0\u00a0<a href=\"http:\/\/calafat.cat\/index.php\/y\/\">Y<\/a>\u00a0\u00a0<a href=\"http:\/\/calafat.cat\/index.php\/z\/\">Z<\/a><\/strong><\/p>\n","protected":false},"excerpt":{"rendered":"<p>Octavi Monson\u00edsVitalitat de la lletra impresa \u00d2scar VillarroyaUn any de lletres Ovidi MontllorRealisme i l\u00edrica A\u00a0\u00a0B\u00a0\u00a0C\u00a0\u00a0D\u00a0\u00a0E\u00a0\u00a0F\u00a0\u00a0G\u00a0\u00a0 H\u00a0\u00a0I\u00a0\u00a0J\u00a0\u00a0K\u00a0\u00a0L\u00a0\u00a0M\u00a0\u00a0N\u00a0\u00a0 O\u00a0P\u00a0\u00a0Q\u00a0\u00a0R\u00a0\u00a0S\u00a0\u00a0T\u00a0\u00a0U\u00a0\u00a0 V\u00a0\u00a0W\u00a0\u00a0X\u00a0\u00a0Y\u00a0\u00a0Z<\/p>\n","protected":false},"author":1,"featured_media":0,"parent":0,"menu_order":0,"comment_status":"closed","ping_status":"closed","template":"","meta":{"footnotes":""},"class_list":["post-964","page","type-page","status-publish"],"_links":{"self":[{"href":"https:\/\/calafat.cat\/index.php\/wp-json\/wp\/v2\/pages\/964","targetHints":{"allow":["GET"]}}],"collection":[{"href":"https:\/\/calafat.cat\/index.php\/wp-json\/wp\/v2\/pages"}],"about":[{"href":"https:\/\/calafat.cat\/index.php\/wp-json\/wp\/v2\/types\/page"}],"author":[{"embeddable":true,"href":"https:\/\/calafat.cat\/index.php\/wp-json\/wp\/v2\/users\/1"}],"replies":[{"embeddable":true,"href":"https:\/\/calafat.cat\/index.php\/wp-json\/wp\/v2\/comments?post=964"}],"version-history":[{"count":4,"href":"https:\/\/calafat.cat\/index.php\/wp-json\/wp\/v2\/pages\/964\/revisions"}],"predecessor-version":[{"id":4026,"href":"https:\/\/calafat.cat\/index.php\/wp-json\/wp\/v2\/pages\/964\/revisions\/4026"}],"wp:attachment":[{"href":"https:\/\/calafat.cat\/index.php\/wp-json\/wp\/v2\/media?parent=964"}],"curies":[{"name":"wp","href":"https:\/\/api.w.org\/{rel}","templated":true}]}}