{"id":978,"date":"2022-04-07T10:07:14","date_gmt":"2022-04-07T10:07:14","guid":{"rendered":"http:\/\/calafat.cat\/?page_id=978"},"modified":"2022-05-19T13:41:16","modified_gmt":"2022-05-19T13:41:16","slug":"v","status":"publish","type":"page","link":"https:\/\/calafat.cat\/index.php\/v\/","title":{"rendered":"V"},"content":{"rendered":"\n<figure class=\"wp-block-image size-full\"><img loading=\"lazy\" decoding=\"async\" width=\"240\" height=\"160\" src=\"http:\/\/calafat.cat\/wp-content\/uploads\/2022\/05\/v.jpeg\" alt=\"\" class=\"wp-image-3959\" title=\"Fotografia: Pilar Moreno. Font: divulgamat2.ehu.es\"\/><\/figure>\n\n\n\n<p><strong>Valent\u00ed Puig<\/strong><br><a href=\"http:\/\/calafat.cat\/index.php\/el-conte-a-valencia\/\" data-type=\"page\" data-id=\"1300\">El conte a Val\u00e8ncia<\/a><\/p>\n\n\n\n<p><strong>Vicent Almar-Il\u00b7lustrador<\/strong><br><a href=\"http:\/\/calafat.cat\/index.php\/quadern-de-records-cremades-i-arlandis-2\/\" data-type=\"page\" data-id=\"1888\">Quadern de records. Cremades i Arlandis<\/a><\/p>\n\n\n\n<p><strong>Vicen\u00e7 Pag\u00e8s<\/strong><br><a href=\"http:\/\/calafat.cat\/index.php\/el-conte-a-valencia\/\" data-type=\"page\" data-id=\"1300\">El conte a Val\u00e8ncia<\/a><br><a href=\"http:\/\/calafat.cat\/index.php\/el-mon-de-les-transfiguracions-2\/\" data-type=\"page\" data-id=\"1794\">El m\u00f3n de les transfiguracions<\/a><br><a href=\"http:\/\/calafat.cat\/index.php\/geografies-de-la-memoria\/\" data-type=\"page\" data-id=\"1812\">Geografies de la mem\u00f2ria<\/a><br><a href=\"http:\/\/calafat.cat\/index.php\/lart-no-satura-els-camins-de-la-renovacio-de-la-literatura-en-llengua-catalana-2\/\" data-type=\"page\" data-id=\"1864\">L\u2019art no s\u2019atura<\/a><\/p>\n\n\n\n<p><strong>Vicen\u00e7 Villatoro<\/strong><br><a href=\"http:\/\/calafat.cat\/index.php\/geografies-de-la-memoria\/\" data-type=\"page\" data-id=\"1812\">Geografies de la mem\u00f2ria<\/a><\/p>\n\n\n\n<p><strong>Vicent Alonso<\/strong><br><a href=\"http:\/\/calafat.cat\/index.php\/actes-del-primer-simposi-internacional-de-narrativa-breu\/\" data-type=\"page\" data-id=\"1250\">Actes del primer simposi internacional de narrativa breu<\/a><br><a href=\"http:\/\/calafat.cat\/index.php\/dietari-dues-vides-que-sautoalimenten\/\" data-type=\"page\" data-id=\"1611\">Dietari: dues vides que s&#8217;autoalimenten<\/a><br><a href=\"http:\/\/calafat.cat\/index.php\/engrandir-la-passio-dels-dies\/\" data-type=\"page\" data-id=\"1552\">Engrandir la passi\u00f3 dels dies<\/a><br><a href=\"http:\/\/calafat.cat\/index.php\/lescriptura-de-les-inquietuds-i-els-dies-2\/\" data-type=\"page\" data-id=\"1724\">L\u2019escriptura de les inquietuds i els dies<\/a><br><a href=\"http:\/\/calafat.cat\/index.php\/lespill-que-ens-posseix\/\" data-type=\"page\" data-id=\"1272\">L&#8217;espill que ens posseix<\/a><br><a href=\"http:\/\/calafat.cat\/index.php\/la-narrativa-breu-i-merce-rodoreda\/\" data-type=\"page\" data-id=\"1276\">La narrativa breu i Merc\u00e8 Rodoreda<\/a><br><a href=\"http:\/\/calafat.cat\/index.php\/la-recepcio-de-maragall-en-els-escriptors-del-pais-valencia\/\" data-type=\"page\" data-id=\"1073\">La recepci\u00f3 de Maragall en els escriptors del Pa\u00eds Valenci\u00e0<\/a><br><a href=\"http:\/\/calafat.cat\/index.php\/setge-al-rigor-i-al-gaudi-2\/\" data-type=\"page\" data-id=\"1728\">Setge al rigor i al gaudi<\/a><br><a href=\"http:\/\/calafat.cat\/index.php\/tota-una-historia-en-versio-original-2\/\" data-type=\"page\" data-id=\"1762\">Tota una hist\u00f2ria en versi\u00f3 original<\/a><br><a href=\"http:\/\/calafat.cat\/index.php\/una-literatura-emergent\/\" data-type=\"page\" data-id=\"1402\">Una literatura emergent<\/a><\/p>\n\n\n\n<p><strong>Vicent Alonso-Traductor<\/strong><br><a href=\"http:\/\/calafat.cat\/index.php\/entrevista-a-vicent-alonso-els-temes-de-montaigne-son-tambe-els-nostres\/\" data-type=\"page\" data-id=\"1410\">Entrevista a Vicent Alonso: \u00abEls temes de Montaigne s\u00f3n tamb\u00e9 els nostres\u00bb<\/a><br><a href=\"http:\/\/calafat.cat\/index.php\/setge-al-rigor-i-al-gaudi-2\/\" data-type=\"page\" data-id=\"1728\">Setge al rigor i al gaudi<\/a><\/p>\n\n\n\n<p><strong>Vicent Andr\u00e9s Estell\u00e9s<\/strong><br><a href=\"http:\/\/calafat.cat\/index.php\/la-recepcio-de-maragall-en-els-escriptors-del-pais-valencia\/\" data-type=\"page\" data-id=\"1073\">La recepci\u00f3 de Maragall en els escriptors del Pa\u00eds Valenci\u00e0<\/a><br><a href=\"http:\/\/calafat.cat\/index.php\/literatura-catalana-a-valencia\/\" data-type=\"page\" data-id=\"1092\">Literatura catalana a Val\u00e8ncia<\/a><br><a href=\"http:\/\/calafat.cat\/index.php\/quan-rebenten-les-paraules-3\/\" data-type=\"page\" data-id=\"2016\">Quan rebenten les paraules<\/a><br><a href=\"http:\/\/calafat.cat\/index.php\/un-viatge-per-la-prosa-i-poesia-mes-recent-3\/\" data-type=\"page\" data-id=\"2026\">Un viatge per la prosa i poesia m\u00e9s recent<\/a><br><a href=\"http:\/\/calafat.cat\/index.php\/viatge-iniciatic-i-catartic-al-mon-sorprenent-del-primer-estelles-2\/\" data-type=\"page\" data-id=\"2032\">Viatge inici\u00e0tic i cat\u00e0rtic al m\u00f3n sorprenent del primer Estell\u00e9s<\/a><br><a href=\"http:\/\/calafat.cat\/index.php\/vitalitat-de-la-lletra-impresa-la-literatura-valenciana-sobreviu-als-efectes-duna-crisi-que-sacarnissa-tambe-amb-el-mon-de-la-cultura\/\" data-type=\"page\" data-id=\"1094\">Vitalitat de la lletra impresa<\/a><\/p>\n\n\n\n<p><strong>Vicent Berenguer<\/strong><br><a href=\"http:\/\/calafat.cat\/index.php\/literatura-catalana-a-valencia\/\" data-type=\"page\" data-id=\"1092\">Literatura catalana a Val\u00e8ncia<\/a><br><a href=\"http:\/\/calafat.cat\/index.php\/una-literatura-emergent\/\" data-type=\"page\" data-id=\"1402\">Una literatura emergent<\/a><\/p>\n\n\n\n<p><strong>Vicent Borr\u00e0s<\/strong><br><a href=\"http:\/\/calafat.cat\/index.php\/amb-els-nous-novel%c2%b7listes\/\" data-type=\"page\" data-id=\"1364\">Amb els nous novel\u00b7listes<\/a><br><a href=\"http:\/\/calafat.cat\/index.php\/el-conte-a-valencia\/\" data-type=\"page\" data-id=\"1300\">El conte a Val\u00e8ncia<\/a><br><a href=\"http:\/\/calafat.cat\/index.php\/el-potencial-de-la-pissarra\/\" data-type=\"page\" data-id=\"1494\">El potencial de la pissarra<\/a><br><a href=\"http:\/\/calafat.cat\/index.php\/els-distints-camins-de-la-novel%c2%b7la-actual\/\" data-type=\"page\" data-id=\"1304\">Els distints camins de la novel\u00b7la actual<\/a><br><a href=\"http:\/\/calafat.cat\/index.php\/literatura-de-leducacio-2\/\" data-type=\"page\" data-id=\"1860\">Literatura de l\u2019educaci\u00f3<\/a><br><a href=\"http:\/\/calafat.cat\/index.php\/presentacio-de-el-conte-a-valencia-2\/\" data-type=\"page\" data-id=\"1754\">Presentaci\u00f3 \u00abEl conte a Val\u00e8ncia\u00bb<\/a><br><a href=\"http:\/\/calafat.cat\/index.php\/qui-passa-fira-llibres-empeny\/\" data-type=\"page\" data-id=\"1510\">Qui passa fira, llibres empeny<\/a><br><a href=\"http:\/\/calafat.cat\/index.php\/tota-una-historia-en-versio-original-2\/\" data-type=\"page\" data-id=\"1762\">Tota una hist\u00f2ria en versi\u00f3 original<\/a><br><a href=\"http:\/\/calafat.cat\/index.php\/un-bon-moment-per-a-la-narrativa-valenciana-2\/\" data-type=\"page\" data-id=\"1904\">Un bon moment per a la narrativa valenciana<\/a><br><a href=\"http:\/\/calafat.cat\/index.php\/un-viatge-per-la-prosa-i-poesia-mes-recent-3\/\" data-type=\"page\" data-id=\"2026\">Un viatge per la prosa i poesia m\u00e9s recent<\/a><\/p>\n\n\n\n<p><strong>Vicent Das\u00ed<\/strong><br><a href=\"http:\/\/calafat.cat\/index.php\/els-distints-camins-de-la-novel%c2%b7la-actual\/\" data-type=\"page\" data-id=\"1304\">Els distints camins de la novel\u00b7la actual<\/a><\/p>\n\n\n\n<p><strong>Vicent Enric Taranc\u00f3n<\/strong><br><a href=\"http:\/\/calafat.cat\/index.php\/tandem-la-vitalitat-creixent-duna-editorial-2\/\" data-type=\"page\" data-id=\"1760\">T\u00e0ndem: la vitalitat creixent d\u2019una editorial<\/a><\/p>\n\n\n\n<p><strong>Vicent Josep Escart\u00ed<\/strong><br><a href=\"http:\/\/calafat.cat\/index.php\/el-conte-a-valencia\/\" data-type=\"page\" data-id=\"1300\">El conte a Val\u00e8ncia<\/a><br><a href=\"http:\/\/calafat.cat\/index.php\/entre-la-quotidianitat-i-la-cronica\/\" data-type=\"page\" data-id=\"1370\">Entre la quotidianitat i la cr\u00f2nica<\/a><br><a href=\"http:\/\/calafat.cat\/index.php\/geografies-de-la-memoria\/\" data-type=\"page\" data-id=\"1812\">Geografies de la mem\u00f2ria<\/a><br><a href=\"http:\/\/calafat.cat\/index.php\/literatura-catalana-a-valencia\/\" data-type=\"page\" data-id=\"1092\">Literatura catalana a Val\u00e8ncia<br><\/a><a href=\"http:\/\/calafat.cat\/index.php\/qui-passa-fira-llibres-empeny\/\" data-type=\"page\" data-id=\"1510\">Qui passa fira, llibres empeny<\/a><br><a href=\"http:\/\/calafat.cat\/index.php\/tota-una-historia-en-versio-original-2\/\" data-type=\"page\" data-id=\"1762\">Tota una hist\u00f2ria en versi\u00f3 original<\/a><br><a href=\"http:\/\/calafat.cat\/index.php\/un-bon-moment-per-a-la-narrativa-valenciana-2\/\" data-type=\"page\" data-id=\"1904\">Un bon moment per a la narrativa valenciana<\/a><br><a href=\"http:\/\/calafat.cat\/index.php\/una-literatura-emergent\/\" data-type=\"page\" data-id=\"1402\">Una literatura emergent<\/a><\/p>\n\n\n\n<p><strong>Vicent Mart\u00ednez Sancho<\/strong><br><a href=\"http:\/\/calafat.cat\/index.php\/una-literatura-emergent\/\" data-type=\"page\" data-id=\"1402\">Una literatura emergent<\/a><\/p>\n\n\n\n<p><strong>Vicent Penya<\/strong><br><a href=\"http:\/\/calafat.cat\/index.php\/qui-passa-fira-llibres-empeny\/\" data-type=\"page\" data-id=\"1510\">Qui passa fira, llibres empeny<\/a><\/p>\n\n\n\n<p><strong>Vicent Sanchis<\/strong><br><a href=\"http:\/\/calafat.cat\/index.php\/qui-passa-fira-llibres-empeny\/\" data-type=\"page\" data-id=\"1510\">Qui passa fira, llibres empeny<\/a><br><a href=\"http:\/\/calafat.cat\/index.php\/vitalitat-de-la-lletra-impresa-la-literatura-valenciana-sobreviu-als-efectes-duna-crisi-que-sacarnissa-tambe-amb-el-mon-de-la-cultura\/\" data-type=\"page\" data-id=\"1094\">Vitalitat de la lletra impresa<\/a><\/p>\n\n\n\n<p><strong>Vicent Us\u00f3<\/strong><br><a href=\"http:\/\/calafat.cat\/index.php\/amb-els-nous-novel%c2%b7listes\/\" data-type=\"page\" data-id=\"1364\">Amb els nous novel\u00b7listes<\/a><br><a href=\"http:\/\/calafat.cat\/index.php\/els-focs-dels-secrets\/\" data-type=\"page\" data-id=\"1669\">Els focs dels secrets<\/a><br><a href=\"http:\/\/calafat.cat\/index.php\/entre-dues-passions\/\" data-type=\"page\" data-id=\"1471\">Entre dues passions<\/a><br><a href=\"http:\/\/calafat.cat\/index.php\/les-geografies-literaries-dels-escriptors-valencians-2\/\" data-type=\"page\" data-id=\"1651\">Les geografies liter\u00e0ries dels escriptors valencians<\/a><br><a href=\"http:\/\/calafat.cat\/index.php\/un-bon-moment-per-a-la-narrativa-valenciana-2\/\" data-type=\"page\" data-id=\"1904\">Un bon moment per a la narrativa valenciana<\/a><br><a href=\"http:\/\/calafat.cat\/index.php\/un-viatge-als-budells-de-la-realitat-2\/\" data-type=\"page\" data-id=\"1920\">Un viatge als budells de la realitat<\/a><br><a href=\"http:\/\/calafat.cat\/index.php\/una-literatura-emergent\/\" data-type=\"page\" data-id=\"1402\">Una literatura emergent<\/a><br><a href=\"http:\/\/calafat.cat\/index.php\/una-temporada-de-ficcio-panorama-dun-curs-fecund-en-les-lletres-valencianes\/\" data-type=\"page\" data-id=\"1576\">Una temporada de ficci\u00f3<\/a><br><a href=\"http:\/\/calafat.cat\/index.php\/valenciana-sa-de-prosa\/\" data-type=\"page\" data-id=\"1488\">Valenciana, SA de prosa<\/a><\/p>\n\n\n\n<p><strong>Vicent Ventura<\/strong><br><a href=\"http:\/\/calafat.cat\/index.php\/tandem-la-vitalitat-creixent-duna-editorial-2\/\" data-type=\"page\" data-id=\"1760\">T\u00e0ndem: la vitalitat creixent d\u2019una editorial<\/a><\/p>\n\n\n\n<p><strong>Vicente Aleixandre<\/strong><br><a href=\"http:\/\/calafat.cat\/index.php\/memoria-personal-dels-quaranta-2\/\" data-type=\"page\" data-id=\"1870\">Mem\u00f2ria personal dels quaranta<\/a><\/p>\n\n\n\n<p><strong>Vicente Gallego<\/strong><br><a href=\"http:\/\/calafat.cat\/index.php\/poetes-a-valencia\/\" data-type=\"page\" data-id=\"1344\">Poetes a Val\u00e8ncia<\/a><br><a href=\"http:\/\/calafat.cat\/index.php\/una-nueva-confianza\/\" data-type=\"page\" data-id=\"1086\">Una nueva confianza<\/a><\/p>\n\n\n\n<p><strong>V\u00edctor G\u00f3mez Labrado<\/strong><br><a href=\"http:\/\/calafat.cat\/index.php\/el-potencial-de-la-pissarra\/\" data-type=\"page\" data-id=\"1494\">El potencial de la pissarra<\/a><br><a href=\"http:\/\/calafat.cat\/index.php\/literatura-de-leducacio-2\/\" data-type=\"page\" data-id=\"1860\">Literatura de l\u2019educaci\u00f3<\/a><br><a href=\"http:\/\/calafat.cat\/index.php\/tota-una-historia-en-versio-original-2\/\" data-type=\"page\" data-id=\"1762\">Tota una hist\u00f2ria en versi\u00f3 original<\/a><br><a href=\"http:\/\/calafat.cat\/index.php\/una-literatura-emergent\/\" data-type=\"page\" data-id=\"1402\">Una literatura emergent<\/a><br><a href=\"http:\/\/calafat.cat\/index.php\/una-vida-de-ficcio-2\/\" data-type=\"page\" data-id=\"1928\">Una vida de ficci\u00f3<\/a><\/p>\n\n\n\n<p><strong>Virgili<\/strong><br><a href=\"http:\/\/calafat.cat\/index.php\/una-nova-versio-de-virgili\/\" data-type=\"page\" data-id=\"1330\">Una nova versi\u00f3 de Virgili<\/a><\/p>\n\n\n\n<p><strong>Voltaire<\/strong><br><a href=\"http:\/\/calafat.cat\/index.php\/la-traduccio-com-una-bella-art\/\" data-type=\"page\" data-id=\"1451\">La traducci\u00f3 com una bella art<\/a><\/p>\n\n\n\n<p><strong><a href=\"http:\/\/calafat.cat\/index.php\/a\/\">A<\/a>\u00a0\u00a0<a href=\"http:\/\/calafat.cat\/index.php\/b\/\">B<\/a>\u00a0\u00a0<a href=\"http:\/\/calafat.cat\/index.php\/c\/\">C<\/a>\u00a0\u00a0<a href=\"http:\/\/calafat.cat\/index.php\/d\/\">D<\/a>\u00a0\u00a0<a href=\"http:\/\/calafat.cat\/index.php\/e\/\">E<\/a>\u00a0\u00a0<a href=\"http:\/\/calafat.cat\/index.php\/f\/\">F<\/a>\u00a0\u00a0<a href=\"http:\/\/calafat.cat\/index.php\/g\/\">G<\/a>\u00a0\u00a0<br><br><br><a href=\"http:\/\/calafat.cat\/index.php\/h\/\">H<\/a>\u00a0\u00a0<a href=\"http:\/\/calafat.cat\/index.php\/i\/\">I<\/a>\u00a0\u00a0<a href=\"http:\/\/calafat.cat\/index.php\/j\/\">J<\/a>\u00a0\u00a0<a href=\"http:\/\/calafat.cat\/index.php\/k\/\">K<\/a>\u00a0\u00a0<a href=\"http:\/\/calafat.cat\/index.php\/l\/\">L<\/a>\u00a0\u00a0<a href=\"http:\/\/calafat.cat\/index.php\/m\/\">M<\/a>\u00a0\u00a0<a href=\"http:\/\/calafat.cat\/index.php\/n\/\">N<\/a>\u00a0\u00a0<br><br><br><a href=\"http:\/\/calafat.cat\/index.php\/o\/\">O<\/a>\u00a0<a href=\"http:\/\/calafat.cat\/index.php\/p\/\">P<\/a>\u00a0\u00a0<a href=\"http:\/\/calafat.cat\/index.php\/q-2\/\">Q<\/a>\u00a0\u00a0<a href=\"http:\/\/calafat.cat\/index.php\/r\/\">R<\/a>\u00a0\u00a0<a href=\"http:\/\/calafat.cat\/index.php\/s\/\">S<\/a>\u00a0\u00a0<a href=\"http:\/\/calafat.cat\/index.php\/t\/\">T<\/a>\u00a0\u00a0<a href=\"http:\/\/calafat.cat\/index.php\/u\/\">U\u00a0<\/a>\u00a0<br><br><br><a href=\"http:\/\/calafat.cat\/index.php\/v\/\">V<\/a>\u00a0\u00a0<a href=\"http:\/\/calafat.cat\/index.php\/w\/\">W<\/a>\u00a0\u00a0<a href=\"http:\/\/calafat.cat\/index.php\/x\/\">X<\/a>\u00a0\u00a0<a href=\"http:\/\/calafat.cat\/index.php\/y\/\">Y<\/a>\u00a0\u00a0<a href=\"http:\/\/calafat.cat\/index.php\/z\/\">Z<\/a><\/strong><\/p>\n","protected":false},"excerpt":{"rendered":"<p>Valent\u00ed PuigEl conte a Val\u00e8ncia Vicent Almar-Il\u00b7lustradorQuadern de records. Cremades i Arlandis Vicen\u00e7 Pag\u00e8sEl conte a Val\u00e8nciaEl m\u00f3n de les transfiguracionsGeografies de la mem\u00f2riaL\u2019art no s\u2019atura Vicen\u00e7 VillatoroGeografies de la mem\u00f2ria Vicent AlonsoActes del primer simposi internacional de narrativa breuDietari: dues vides que s&#8217;autoalimentenEngrandir la passi\u00f3 dels diesL\u2019escriptura de les inquietuds i els diesL&#8217;espill que &#8230; <a title=\"V\" class=\"read-more\" href=\"https:\/\/calafat.cat\/index.php\/v\/\" aria-label=\"M\u00e1s en V\">Leer m\u00e1s<\/a><\/p>\n","protected":false},"author":1,"featured_media":0,"parent":0,"menu_order":0,"comment_status":"closed","ping_status":"closed","template":"","meta":{"footnotes":""},"class_list":["post-978","page","type-page","status-publish"],"_links":{"self":[{"href":"https:\/\/calafat.cat\/index.php\/wp-json\/wp\/v2\/pages\/978","targetHints":{"allow":["GET"]}}],"collection":[{"href":"https:\/\/calafat.cat\/index.php\/wp-json\/wp\/v2\/pages"}],"about":[{"href":"https:\/\/calafat.cat\/index.php\/wp-json\/wp\/v2\/types\/page"}],"author":[{"embeddable":true,"href":"https:\/\/calafat.cat\/index.php\/wp-json\/wp\/v2\/users\/1"}],"replies":[{"embeddable":true,"href":"https:\/\/calafat.cat\/index.php\/wp-json\/wp\/v2\/comments?post=978"}],"version-history":[{"count":3,"href":"https:\/\/calafat.cat\/index.php\/wp-json\/wp\/v2\/pages\/978\/revisions"}],"predecessor-version":[{"id":4038,"href":"https:\/\/calafat.cat\/index.php\/wp-json\/wp\/v2\/pages\/978\/revisions\/4038"}],"wp:attachment":[{"href":"https:\/\/calafat.cat\/index.php\/wp-json\/wp\/v2\/media?parent=978"}],"curies":[{"name":"wp","href":"https:\/\/api.w.org\/{rel}","templated":true}]}}