{"id":988,"date":"2022-04-07T10:42:36","date_gmt":"2022-04-07T10:42:36","guid":{"rendered":"http:\/\/calafat.cat\/?page_id=988"},"modified":"2022-05-11T10:00:27","modified_gmt":"2022-05-11T10:00:27","slug":"poesia-dels-80-al-pais-valencia","status":"publish","type":"page","link":"https:\/\/calafat.cat\/index.php\/poesia-dels-80-al-pais-valencia\/","title":{"rendered":"Poesia dels 80 al Pa\u00eds Valenci\u00e0"},"content":{"rendered":"\n<div class=\"wp-block-columns alignwide are-vertically-aligned-top is-layout-flex wp-container-core-columns-is-layout-9d6595d7 wp-block-columns-is-layout-flex\">\n<div class=\"wp-block-column is-layout-flow wp-block-column-is-layout-flow\" style=\"flex-basis:50%\">\n<p id=\"block-51dac47e-6d64-430a-8b01-80433077e328\"><br>A principis dels vuitanta les antologies d&#8217;Altai\u00f3\/Sala-Valldaura i de Marco\/Pont van intentar explicar el fenomen en ple apogeu de la darrera poesia catalana i sistematitzar-ne els principals corrents en un moment d&#8217;euf\u00f2ria que es manifestava en l&#8217;eclecticisme de les propostes i l&#8217;abund\u00e0ncia de noms. Alguns dels poetes representats garantien la continu\u00eftat \u2014i la qualitat\u2014 de la poesia en catal\u00e0 i en renovaven l&#8217;espectre amb l&#8217;adopci\u00f3 de nous models m\u00e9s propers a la nova sensibilitat dels temps. Deu anys m\u00e9s tard, David Castillo tornava a la c\u00e0rrega aquest cop amb una n\u00f2mina de poetes nous que, presumiblement, constituirien el relleu generacional a les veus m\u00e9s s\u00f2lides dels setanta. Amb color generacional o no, el cas \u00e9s que una vegada m\u00e9s es feia pal\u00e8s l&#8217;exercici ininterromput de la poesia en la nostra llengua, alhora que s&#8217;insinuava que si m\u00e9s no per manca de primera mat\u00e8ria no ens perdr\u00edem.<\/p>\n\n\n\n<p id=\"block-3e45b00b-d2ac-4f51-b3bf-6978fd443548\">Una al\u00b7lusi\u00f3 m\u00e9s o menys directa a la bona sa\u00f3 d&#8217;aquesta terra (i m\u00e9s en concret la del Pa\u00eds Valenci\u00e0: recordem la m\u00edtica antologia&nbsp;<em>Carn fresca<\/em>, preparada per Amadeu Fabregat, o la m\u00e9s recent&nbsp;<em>La vella pell de l&#8217;alba<\/em>, d&#8217;Ant\u00f2nia Cabanilles) per a l&#8217;obtenci\u00f3 d&#8217;aquest tipus de primeres mat\u00e8ries sembla incloure el t\u00edtol de l&#8217;obra que comentem,&nbsp;<em>Camp de mines<\/em>, l&#8217;exc\u00e9s metaf\u00f2ric del qual Francesc Calafat contraresta amb un subt\u00edtol prou expl\u00edcit:&nbsp;<em>Poesia catalana del Pa\u00eds Valenci\u00e0 1980-1990<\/em>.<\/p>\n\n\n\n<p id=\"block-10d07646-16d9-4167-99a9-1d881b12b31f\">L&#8217;ant\u00f2leg, que en total ha triat deu poetes que voregen els trenta anys, centra, doncs, el seu estudi en els autors valencians que van comen\u00e7ar a publicar en els vuitanta. (Remarquem ac\u00ed aquesta nova mostra de la vitalitat de la poesia en terres valencianes: m\u00e9s enll\u00e0 d&#8217;una producci\u00f3 satisfact\u00f2ria i continuada, els esfor\u00e7os per donar-li uns suports te\u00f2rics i cr\u00edtics, unes pautes d&#8217;interpretaci\u00f3 hist\u00f2rica, ultra la puntual i fugissera cr\u00edtica period\u00edstica.)<\/p>\n\n\n\n<p id=\"block-3fd5f5ca-b372-44e1-8be0-f6e895650017\">Com s&#8217;acostuma a fer, l&#8217;obra es compon de dues parts: el pr\u00f2leg cr\u00edtic, aqu\u00ed especialment substanci\u00f3s, i l&#8217;antologia de textos. Calafat s&#8217;ha servit per al primer de m\u00e9s d&#8217;un centenar de p\u00e0gines, i el rigor ha encetat la seva investigaci\u00f3: rigor metodol\u00f2gic perqu\u00e8, malgrat l&#8217;acotament anunciat pel t\u00edtol, l&#8217;autor sap que en sistemes complexos com el de la producci\u00f3 po\u00e8tica d&#8217;un pa\u00eds en un moment determinat cal sempre eixamplar les mires tant pel que fa a l&#8217;espai com al temps. El marc espacial global \u00e9s el de tota la poesia escrita en catal\u00e0, si fa no fa de deu anys en\u00e7\u00e0. Aquesta precisi\u00f3 temporal, ja en el marc concret del Pa\u00eds Valenci\u00e0, evidencia el rigor de qu\u00e8 parlava en estudiar els poetes de la generaci\u00f3 dels setanta, precursors en tants aspectes de noms com Ballester, Berenguer, Roda, S\u00f2ria o Trigo, i en fer una an\u00e0lisi aprofundida dels factors culturals concrets \u2014la din\u00e0mica editorial\u2014 que han condicionat d&#8217;una manera o altra l&#8217;obra dels autors antologats. Ara b\u00e9, aquesta conscienciosa atenci\u00f3 que dedica al panorama immediatament anterior al dels vuitanta resulta un xic excessiva i feixuga, i sembla com si l&#8217;autor deix\u00e9s bona part de les seves forces en unes consideracions inicials que, malgrat aix\u00f2, solen ser encertades. \u00c9s obvi que sobretot la tr\u00edade formada per Piera, J\u00e0fer i Granell ha tingut una influ\u00e8ncia m\u00e9s o menys forta en els m\u00e9s joves, per\u00f2 l&#8217;estudi particularitzat d&#8217;aquests i for\u00e7a altres poetes descompensa una mica una antologia que, tot i la flexibilitat del t\u00edtol \u2014for\u00e7a d&#8217;aquests poetes formen tamb\u00e9 part de la realitat liter\u00e0ria de la d\u00e8cada dels vuitanta\u2014, t\u00e9 per objecte els poetes nascuts liter\u00e0riament en aquesta d\u00e8cada (com demostra l&#8217;antologia pr\u00f2piament dita). Una certa imprecisi\u00f3, per\u00f2, plana al llarg de tot el pr\u00f2leg, que vol ser, \u00abuna lectura sobre els darrers vint anys de la poe-sia catalana al Pa\u00eds Valenci\u00e0\u00bb. Potser hauria calgut eixamplar les dates de la coberta.<\/p>\n\n\n\n<p id=\"block-b821e3b2-d2a6-4284-a8db-94e075438b7f\">A banda d&#8217;aquesta imprecisi\u00f3, n&#8217;hi ha d&#8217;altres de m\u00e9s puntuals, com quan l&#8217;autor, sembla que conven\u00e7ut de la conting\u00e8ncia dels experiments avantguardistes, diu que en els anys setanta les distintes po\u00e8tiques experimentals (&#8230;) es van apagar a poc a poc\u00bb, i proposa com a exemple l&#8217;evoluci\u00f3 de Guillem Viladot \u00abcap a una poesia m\u00e9s discursiva\u00bb, justament en un moment en qu\u00e8 Viladot confegia el gruix m\u00e9s important de la seva poesia visual o concreta; o la m\u00e9s greu de confondre el nom de M\u00e0rius Sampere pel de M\u00e0rius Serra, que apareix esmentat&nbsp;<em>usurpant<\/em>&nbsp;indegudament un dels t\u00edtols m\u00e9s significatius del primer.<\/p>\n\n\n\n<p id=\"block-aa986803-65ef-4039-9429-0e188f0c043c\">Aquestes mancances, per\u00f2, no han de desmer\u00e8ixer una obra de conjunt com ben poques gosen ser-ho, escrupolosa i, en general, feta amb rigor, que proposa una aproximaci\u00f3 seriosa a la darrera poesia en catal\u00e0 feta al Pa\u00eds Valenci\u00e0. S&#8217;ha dit prou sovint que tota antologia \u00e9s, per un cant\u00f3 o per un altre, ideol\u00f2gica; que obeeix a criteris netament subjectius. La de Calafat permet de constatar-ho, sobretot en un aspecte que considero molt positiu: el de la interpretaci\u00f3 constant de les dades addu\u00efdes, que, juntament amb l&#8217;abund\u00e0ncia d&#8217;aquestes dades, \u00e9s un dels elements m\u00e9s remarcables d&#8217;aquest llibre.<\/p>\n\n\n\n<p id=\"block-55e7a5ea-2b2e-4f51-9555-a47db9fd38e6\">Jordi Llavina, AVUI, 05\/10\/1991Descarrega&#8217;t l&#8217;original:&nbsp;<\/p>\n\n\n\n<p id=\"block-786e56cb-87f3-480f-8a2a-6e8a8559ea63\"><img decoding=\"async\" src=\"http:\/\/calafat.cat\/modules\/file\/icons\/application-pdf.png\" alt=\"PDF icon\"><a href=\"http:\/\/calafat.cat\/sites\/default\/files\/poesia-dels-80-al-pais-valencia.pdf\">poesia-dels-80-al-pais-valencia.pdf<\/a><\/p>\n\n\n\n<p><a rel=\"noreferrer noopener\" href=\"https:\/\/www.addtoany.com\/add_to\/facebook?linkurl=http%3A%2F%2Fcalafat.cat%2Farticles%2Fressenyes%2Fcamp-de-mines%2Fpoesia-dels-80-al-pais-valencia&amp;linkname=Poesia%20dels%2080%20al%20Pa%C3%ADs%20Valenci%C3%A0&amp;linknote=\" target=\"_blank\">Facebook<\/a><a rel=\"noreferrer noopener\" href=\"http:\/\/calafat.cat\/#twitter\" target=\"_blank\"> <\/a><a rel=\"noreferrer noopener\" href=\"http:\/\/calafat.cat\/#twitter\" target=\"_blank\">Twitter<\/a><a href=\"https:\/\/www.addtoany.com\/share#url=http%3A%2F%2Fcalafat.cat%2Farticles%2Fressenyes%2Fcamp-de-mines%2Fpoesia-dels-80-al-pais-valencia&amp;title=Poesia%20dels%2080%20al%20Pa%C3%ADs%20Valenci%C3%A0\">\u00a0Comparteix a<\/a><\/p>\n<\/div>\n\n\n\n<div class=\"wp-block-column is-layout-flow wp-block-column-is-layout-flow\" style=\"flex-basis:50%\">\n<figure class=\"wp-block-image\"><img loading=\"lazy\" decoding=\"async\" width=\"354\" height=\"379\" src=\"http:\/\/calafat.cat\/wp-content\/uploads\/2022\/05\/camp-de-mines-portada.redimensionada_0.png\" alt=\"\" class=\"wp-image-2757\" srcset=\"https:\/\/calafat.cat\/wp-content\/uploads\/2022\/05\/camp-de-mines-portada.redimensionada_0.png 354w, https:\/\/calafat.cat\/wp-content\/uploads\/2022\/05\/camp-de-mines-portada.redimensionada_0-280x300.png 280w\" sizes=\"auto, (max-width: 354px) 100vw, 354px\" \/><figcaption>Portada del llibre<br>Etiquetes:\u00a0<a href=\"http:\/\/calafat.cat\/index.php\/l-autor\/ressenyes\/camp-de-mines\/\" data-type=\"page\" data-id=\"73\">Camp de mines<\/a><\/figcaption><\/figure>\n<\/div>\n<\/div>\n\n\n\n<p><\/p>\n","protected":false},"excerpt":{"rendered":"<p>A principis dels vuitanta les antologies d&#8217;Altai\u00f3\/Sala-Valldaura i de Marco\/Pont van intentar explicar el fenomen en ple apogeu de la darrera poesia catalana i sistematitzar-ne els principals corrents en un moment d&#8217;euf\u00f2ria que es manifestava en l&#8217;eclecticisme de les propostes i l&#8217;abund\u00e0ncia de noms. Alguns dels poetes representats garantien la continu\u00eftat \u2014i la qualitat\u2014 de &#8230; <a title=\"Poesia dels 80 al Pa\u00eds Valenci\u00e0\" class=\"read-more\" href=\"https:\/\/calafat.cat\/index.php\/poesia-dels-80-al-pais-valencia\/\" aria-label=\"M\u00e1s en Poesia dels 80 al Pa\u00eds Valenci\u00e0\">Leer m\u00e1s<\/a><\/p>\n","protected":false},"author":1,"featured_media":0,"parent":0,"menu_order":0,"comment_status":"closed","ping_status":"closed","template":"","meta":{"footnotes":""},"class_list":["post-988","page","type-page","status-publish"],"_links":{"self":[{"href":"https:\/\/calafat.cat\/index.php\/wp-json\/wp\/v2\/pages\/988","targetHints":{"allow":["GET"]}}],"collection":[{"href":"https:\/\/calafat.cat\/index.php\/wp-json\/wp\/v2\/pages"}],"about":[{"href":"https:\/\/calafat.cat\/index.php\/wp-json\/wp\/v2\/types\/page"}],"author":[{"embeddable":true,"href":"https:\/\/calafat.cat\/index.php\/wp-json\/wp\/v2\/users\/1"}],"replies":[{"embeddable":true,"href":"https:\/\/calafat.cat\/index.php\/wp-json\/wp\/v2\/comments?post=988"}],"version-history":[{"count":3,"href":"https:\/\/calafat.cat\/index.php\/wp-json\/wp\/v2\/pages\/988\/revisions"}],"predecessor-version":[{"id":2759,"href":"https:\/\/calafat.cat\/index.php\/wp-json\/wp\/v2\/pages\/988\/revisions\/2759"}],"wp:attachment":[{"href":"https:\/\/calafat.cat\/index.php\/wp-json\/wp\/v2\/media?parent=988"}],"curies":[{"name":"wp","href":"https:\/\/api.w.org\/{rel}","templated":true}]}}