{"id":990,"date":"2022-04-07T10:44:19","date_gmt":"2022-04-07T10:44:19","guid":{"rendered":"http:\/\/calafat.cat\/?page_id=990"},"modified":"2022-05-11T10:05:41","modified_gmt":"2022-05-11T10:05:41","slug":"una-antologia-sobre-poesia-valenciana-de-los-ochenta-desata-la-polemica-entre-escritores","status":"publish","type":"page","link":"https:\/\/calafat.cat\/index.php\/una-antologia-sobre-poesia-valenciana-de-los-ochenta-desata-la-polemica-entre-escritores\/","title":{"rendered":"Una antologia sobre poesia valenciana de los ochenta desata la pol\u00e9mica entre escritores"},"content":{"rendered":"\n<div class=\"wp-block-columns alignwide is-layout-flex wp-container-core-columns-is-layout-9d6595d7 wp-block-columns-is-layout-flex\">\n<div class=\"wp-block-column is-layout-flow wp-block-column-is-layout-flow\" style=\"flex-basis:50%\">\n<p>Cr\u00edticas y descalificaciones durante la presentaci\u00f3n del libro \u00abCamp de mines\u00bb de Calafat<\/p>\n\n\n\n<p>La publicaci\u00f3n de la antolog\u00eda po\u00e9tica&nbsp;<em>Camp de mines, poesia catalana del Pa\u00eds Valenci\u00e0 1980-1990<\/em>, en la que se revisa la producci\u00f3n po\u00e9tica de la \u00faltima d\u00e9cada, ha desatado la pol\u00e9mica entre autores y colectivos en torno a la validez de la obra como trabajo de an\u00e1lisis y verdadera aproximaci\u00f3n a la situaci\u00f3n de la poes\u00eda valenciana.<\/p>\n\n\n\n<p>La discusi\u00f3n salt\u00f3 en pleno acto de presentaci\u00f3n del libro, celebrado el martes. El volumen ha sido editado por Ediciones de la Guerra, dentro de su colecci\u00f3n de poes\u00eda y prologado por Francesc Calafat. En el pr\u00f3logo, Calafat establece las conexiones existentes entre las generaciones po\u00e9ticas de las dos \u00faltimas d\u00e9cadas, la din\u00e1mica editorial, los planteamientos po\u00e9ticos de los ochenta y un esquema sobre la evoluci\u00f3n de la poes\u00eda en catal\u00e1n en Valencia. El trabajo es el puente entre otras antolog\u00edas de caracter\u00edsticas similares publicadas durante los \u00faltimos quince a\u00f1os como fueron&nbsp;<em>Carn Fresca<\/em>,&nbsp;<em>Brossa nova<\/em>,&nbsp;<em>L&#8217;espai del vers jove<\/em>&nbsp;o&nbsp;<em>La vella pell de l&#8217;alba<\/em>.<\/p>\n\n\n\n<p>El libro se completa con una selecci\u00f3n de poemas de diez autores, entre los que se encuentran Josep Ballester, Vicent Berenguer, Manuel Garc\u00eda Grau, Ramon Guillem, Isidre Mart\u00ednez, Anna Montero, Teresa Pascual, Llu\u00eds Roda, Enric S\u00f2ria y Xulio Ricardo Trigo.<\/p>\n\n\n\n<p>La presentaci\u00f3n del libro fue contestada por un grupo de autores, entre los que se encontraban Pere Bess\u00f3, Rodr\u00edguez-Castell\u00f3 y Francesc Collado que criticaron con dureza y \u00abpoca educaci\u00f3n\u00bb, seg\u00fan alguno de los presentes, la selecci\u00f3n de poemas y autores, y la visi\u00f3n que ofrece el pr\u00f3logo sobre la realidad de la situaci\u00f3n po\u00e9tica en Valencia.<\/p>\n\n\n\n<p>Collado ley\u00f3 un escrito en el que a trav\u00e9s de quince puntos criticaba el ensayo introductorio \u00abpor ofrecer una visi\u00f3n sesgada y partidista que s\u00f3lo favorece a ciertos sectores literar\u00edos. Una visi\u00f3n \u2014afirm\u00f3 ayer a este diario el propio Collado\u2014tan miserable, y con un esp\u00edr\u00edtu tan cr\u00edtico, que convierte a la generaci\u00f3n de los ochenta en un colectivo de r\u00edsa\u00bb.<\/p>\n\n\n\n<p>El trabajo, seg\u00fan Collado, \u00abno s\u00f3lo es fallido, pese a su completa elaboraci\u00f3n, sino que se pierde en divagaciones sobre la d\u00e9cada de los setenta\u00bb. El autor que ha compilado la antolog\u00eda, Francesc Calafat, considera, por su parte, que un estudio de estas caracter\u00edsticas responde al criterio del autor, y calific\u00f3 las opiniones contrarias de \u00abdescontextualizadas\u00bb. \u00abNo quiero polemizar \u2014dijo\u2014porque es darle importanc\u00eda a cosas que no las tienen. Lo bueno es el debate, pero de forma razonable y no desaforada\u00bb.<\/p>\n\n\n\n<p>Otros especialistas consultados por este peri\u00f3dico califica-ron de vdo el trabajo y justificaron la postura de los sectores cr\u00edticos a su no inclusi\u00f3n en la antolog\u00eda. Por otra parte, Marc Granell, coordinador de varias colecciones po\u00e9ticas, concedi\u00f3 gran importancia al trabajo, al \u00ababordar una \u00e9poca poco estudiada en la poes\u00eda valenciana\u00bb.<\/p>\n\n\n\n<p>J.R.SEGUI<br>Levante-EL MERCANTIL VALENCIANO, p\u00e0g. 70<br>Dijous, 13\/06\/1991Descarrega&#8217;t l&#8217;original:&nbsp;<\/p>\n\n\n\n<p><img decoding=\"async\" src=\"http:\/\/calafat.cat\/modules\/file\/icons\/application-pdf.png\" alt=\"PDF icon\"><a href=\"http:\/\/calafat.cat\/sites\/default\/files\/una-antologia-sobre-poesia-valenciana-de-los-ochenta.pdf\">una-antologia-sobre-poesia-valenciana-de-los-ochenta.pdf<\/a><\/p>\n\n\n\n<p><a rel=\"noreferrer noopener\" href=\"http:\/\/calafat.cat\/#facebook\" target=\"_blank\">Facebook<\/a><a rel=\"noreferrer noopener\" href=\"http:\/\/calafat.cat\/#twitter\" target=\"_blank\"> <\/a><a rel=\"noreferrer noopener\" href=\"http:\/\/calafat.cat\/#twitter\" target=\"_blank\">Twitter<\/a><a href=\"https:\/\/www.addtoany.com\/share#url=http%3A%2F%2Fcalafat.cat%2Fressenyes%2Fcamp-de-mines%2Funa-antologia-sobre-poesia-valenciana-de-los-ochenta&amp;title=Una%20antologia%20sobre%20poesia%20valenciana%20de%20los%20ochenta%20desata%20la%20pol%C3%A9mica%20entre%20escritores%20\">\u00a0Comparteix a<\/a><\/p>\n<\/div>\n\n\n\n<div class=\"wp-block-column is-layout-flow wp-block-column-is-layout-flow\" style=\"flex-basis:50%\">\n<figure class=\"wp-block-image\"><img loading=\"lazy\" decoding=\"async\" width=\"379\" height=\"286\" src=\"http:\/\/calafat.cat\/wp-content\/uploads\/2022\/05\/mateo-gamon-camp-de-mines.redimensionada.png\" alt=\"\" class=\"wp-image-2764\" srcset=\"https:\/\/calafat.cat\/wp-content\/uploads\/2022\/05\/mateo-gamon-camp-de-mines.redimensionada.png 379w, https:\/\/calafat.cat\/wp-content\/uploads\/2022\/05\/mateo-gamon-camp-de-mines.redimensionada-300x226.png 300w\" sizes=\"auto, (max-width: 379px) 100vw, 379px\" \/><figcaption>Vicent Alonso, Vicent Berenguer i Francesc Calafat a la presentaci\u00f3 de \u00abCamp de mines\u00bb<br>Etiquetes:\u00a0<a href=\"http:\/\/calafat.cat\/index.php\/l-autor\/ressenyes\/camp-de-mines\/\" data-type=\"page\" data-id=\"73\">Camp de mines<\/a><\/figcaption><\/figure>\n<\/div>\n<\/div>\n","protected":false},"excerpt":{"rendered":"<p>Cr\u00edticas y descalificaciones durante la presentaci\u00f3n del libro \u00abCamp de mines\u00bb de Calafat La publicaci\u00f3n de la antolog\u00eda po\u00e9tica&nbsp;Camp de mines, poesia catalana del Pa\u00eds Valenci\u00e0 1980-1990, en la que se revisa la producci\u00f3n po\u00e9tica de la \u00faltima d\u00e9cada, ha desatado la pol\u00e9mica entre autores y colectivos en torno a la validez de la obra &#8230; <a title=\"Una antologia sobre poesia valenciana de los ochenta desata la pol\u00e9mica entre escritores\" class=\"read-more\" href=\"https:\/\/calafat.cat\/index.php\/una-antologia-sobre-poesia-valenciana-de-los-ochenta-desata-la-polemica-entre-escritores\/\" aria-label=\"M\u00e1s en Una antologia sobre poesia valenciana de los ochenta desata la pol\u00e9mica entre escritores\">Leer m\u00e1s<\/a><\/p>\n","protected":false},"author":1,"featured_media":0,"parent":0,"menu_order":0,"comment_status":"closed","ping_status":"closed","template":"","meta":{"footnotes":""},"class_list":["post-990","page","type-page","status-publish"],"_links":{"self":[{"href":"https:\/\/calafat.cat\/index.php\/wp-json\/wp\/v2\/pages\/990","targetHints":{"allow":["GET"]}}],"collection":[{"href":"https:\/\/calafat.cat\/index.php\/wp-json\/wp\/v2\/pages"}],"about":[{"href":"https:\/\/calafat.cat\/index.php\/wp-json\/wp\/v2\/types\/page"}],"author":[{"embeddable":true,"href":"https:\/\/calafat.cat\/index.php\/wp-json\/wp\/v2\/users\/1"}],"replies":[{"embeddable":true,"href":"https:\/\/calafat.cat\/index.php\/wp-json\/wp\/v2\/comments?post=990"}],"version-history":[{"count":2,"href":"https:\/\/calafat.cat\/index.php\/wp-json\/wp\/v2\/pages\/990\/revisions"}],"predecessor-version":[{"id":2766,"href":"https:\/\/calafat.cat\/index.php\/wp-json\/wp\/v2\/pages\/990\/revisions\/2766"}],"wp:attachment":[{"href":"https:\/\/calafat.cat\/index.php\/wp-json\/wp\/v2\/media?parent=990"}],"curies":[{"name":"wp","href":"https:\/\/api.w.org\/{rel}","templated":true}]}}